{"id":15621,"date":"2020-06-15T20:00:56","date_gmt":"2020-06-15T20:00:56","guid":{"rendered":"https:\/\/desarrolloweb.cistec.es\/rinder\/?page_id=15621"},"modified":"2020-10-23T12:22:31","modified_gmt":"2020-10-23T12:22:31","slug":"produccion","status":"publish","type":"page","link":"https:\/\/rinder.com\/es\/servicios\/produccion\/","title":{"rendered":"Producci\u00f3n"},"content":{"rendered":"<p>[vc_row css=\u00bb.vc_custom_1603455729199{margin-top: -70px !important;margin-right: 0px !important;margin-left: 0px !important;border-right-width: 0px !important;border-left-width: 0px !important;padding-top: 0px !important;padding-right: 0px !important;padding-bottom: 0px !important;padding-left: 0px !important;}\u00bb][vc_column][vc_row_inner equal_height=\u00bbyes\u00bb][vc_column_inner width=\u00bb1\/2&#8243;][vc_custom_heading text=\u00bbNuestros servicios\u00bb font_container=\u00bbtag:h2|font_size:20|text_align:left|color:%23ffffff\u00bb google_fonts=\u00bbfont_family:Oswald%3A300%2Cregular%2C700|font_style:300%20light%20regular%3A300%3Anormal\u00bb css=\u00bb.vc_custom_1600264293622{margin-top: 20px !important;margin-bottom: 20px !important;padding-right: 10px !important;padding-left: 10px !important;background-color: #e6321b !important;border-radius: 4px !important;}\u00bb el_class=\u00bbwmitad\u00bb][vc_custom_heading text=\u00bbPRODUCCI\u00d3N\u00bb font_container=\u00bbtag:h2|font_size:55|text_align:left|color:%23000000|line_height:1&#8243; google_fonts=\u00bbfont_family:Oswald%3A300%2Cregular%2C700|font_style:400%20regular%3A400%3Anormal\u00bb css=\u00bb.vc_custom_1592250848173{margin-top: -10px !important;}\u00bb][vc_custom_heading text=\u00bbSoluciones integrales\u00bb font_container=\u00bbtag:h2|text_align:left|color:%23000000|line_height:1&#8243; google_fonts=\u00bbfont_family:Oswald%3A300%2Cregular%2C700|font_style:300%20light%20regular%3A300%3Anormal\u00bb][vc_separator color=\u00bbcustom\u00bb align=\u00bbalign_left\u00bb border_width=\u00bb4&#8243; el_width=\u00bb10&#8243; accent_color=\u00bb#dd3333&#8243; css=\u00bb.vc_custom_1600941369013{margin-bottom: 50px !important;}\u00bb][vc_column_text]Light and Systems integrada en el grupo UNOMINDA cuenta con el apoyo de m\u00e1s de 62 plantas de producci\u00f3n con presencia en 8 pa\u00edses de Am\u00e9rica del Norte y del Sur, \u00c1frica, Europa y Asia. Esto nos lleva a proporcionar soluciones integrales desde los estudios de factibilidad iniciales hasta la homologaci\u00f3n y la producci\u00f3n, bajo la seguridad de una experiencia de m\u00e1s de 60 a\u00f1os en el negocio de la iluminaci\u00f3n automotriz.[\/vc_column_text][\/vc_column_inner][vc_column_inner width=\u00bb1\/2&#8243; css=\u00bb.vc_custom_1600263904545{margin-right: 0px !important;margin-left: 0px !important;border-right-width: 0px !important;border-left-width: 0px !important;padding-right: 0px !important;padding-left: 0px !important;}\u00bb][vc_single_image image=\u00bb16521&#8243; img_size=\u00bbfull\u00bb alignment=\u00bbcenter\u00bb][\/vc_column_inner][\/vc_row_inner][\/vc_column][\/vc_row][vc_row css=\u00bb.vc_custom_1600075683217{margin-top: 20px !important;margin-bottom: 40px !important;}\u00bb][vc_column][vc_single_image image=\u00bb16158&#8243; img_size=\u00bblarge\u00bb alignment=\u00bbcenter\u00bb][\/vc_column][\/vc_row][vc_row full_width=\u00bbstretch_row\u00bb css=\u00bb.vc_custom_1592251870858{margin-top: 0px !important;margin-bottom: 20px !important;padding-top: 20px !important;padding-bottom: 20px !important;background-color: #f7f7f7 !important;}\u00bb][vc_column width=\u00bb1\/4&#8243;][\/vc_column][vc_column width=\u00bb1\/4&#8243;][vc_single_image image=\u00bb16148&#8243; img_size=\u00bblarge\u00bb alignment=\u00bbcenter\u00bb][\/vc_column][vc_column width=\u00bb1\/4&#8243;][vc_column_text]<strong>LUCES DELANTERAS<\/strong><\/p>\n<p>Estamos especializados en el uso de soluciones LED monochip o multichip con una amplia gama de soluciones \u00f3pticas que incluyen proyectores, reflectores, gu\u00edas de luz y colimadores, LCD.[\/vc_column_text][\/vc_column][vc_column width=\u00bb1\/4&#8243;][\/vc_column][\/vc_row][vc_row full_width=\u00bbstretch_row\u00bb css=\u00bb.vc_custom_1592251836731{margin-top: 20px !important;margin-bottom: 20px !important;padding-top: 20px !important;padding-bottom: 20px !important;}\u00bb][vc_column width=\u00bb1\/4&#8243;][\/vc_column][vc_column width=\u00bb1\/4&#8243;][vc_column_text]<strong>LUCES TRASERAS E INTERMITENTES<\/strong><\/p>\n<p>Ofrecemos a nuestros clientes una amplia gama de est\u00e1ndares de calidad que pueden ajustarse desde presupuestos econ\u00f3micos hasta dise\u00f1os m\u00e1s complejos.[\/vc_column_text][\/vc_column][vc_column width=\u00bb1\/4&#8243;][vc_single_image image=\u00bb16149&#8243; img_size=\u00bblarge\u00bb alignment=\u00bbcenter\u00bb][\/vc_column][vc_column width=\u00bb1\/4&#8243;][\/vc_column][\/vc_row][vc_row full_width=\u00bbstretch_row\u00bb css=\u00bb.vc_custom_1592251841557{margin-top: 20px !important;margin-bottom: 20px !important;padding-top: 20px !important;padding-bottom: 20px !important;background-color: #f7f7f7 !important;}\u00bb][vc_column width=\u00bb1\/4&#8243;][\/vc_column][vc_column width=\u00bb1\/4&#8243;][vc_single_image image=\u00bb16150&#8243; img_size=\u00bblarge\u00bb alignment=\u00bbcenter\u00bb][\/vc_column][vc_column width=\u00bb1\/4&#8243;][vc_column_text]<strong>DRL, LUCES DE POSICION, ALUMBRAMATRICULAS, REFLEX, LUCES DE,\u00a0 LUCES AUXILIARES, ETC<\/strong><\/p>\n<p>Tenemos una amplia experiencia en el dise\u00f1o de cualquier tipo de dispositivo de iluminaci\u00f3n del sector de automoci\u00f3n.[\/vc_column_text][\/vc_column][vc_column width=\u00bb1\/4&#8243;][\/vc_column][\/vc_row][vc_row full_width=\u00bbstretch_row\u00bb css=\u00bb.vc_custom_1592251846499{margin-top: 20px !important;margin-bottom: 20px !important;padding-top: 20px !important;padding-bottom: 20px !important;}\u00bb][vc_column width=\u00bb1\/4&#8243;][\/vc_column][vc_column width=\u00bb1\/4&#8243;][vc_column_text]<strong>PROTOTIPOS<\/strong><\/p>\n<p>Para completar nuestro servicio de 360 \u00b0, podemos ofrecer prototipos de estilo y \/ o funcionales capaces de ajustarse a los presupuestos econ\u00f3micos establecidos para los proyectos.[\/vc_column_text][\/vc_column][vc_column width=\u00bb1\/4&#8243;][vc_single_image image=\u00bb16147&#8243; img_size=\u00bblarge\u00bb][\/vc_column][vc_column width=\u00bb1\/4&#8243;][\/vc_column][\/vc_row][vc_row full_width=\u00bbstretch_row\u00bb css=\u00bb.vc_custom_1592914618565{margin-top: 20px !important;margin-bottom: 0px !important;padding-top: 20px !important;padding-bottom: 20px !important;background-color: #f7f7f7 !important;}\u00bb][vc_column width=\u00bb1\/4&#8243;][\/vc_column][vc_column width=\u00bb1\/4&#8243;][vc_single_image image=\u00bb16151&#8243; img_size=\u00bblarge\u00bb alignment=\u00bbcenter\u00bb][\/vc_column][vc_column width=\u00bb1\/4&#8243;][vc_column_text]<strong>MOLDES y UTILLAJES <\/strong><\/p>\n<p>Como parte de la soluci\u00f3n integrada que ofrecemos,\u00a0 coordinamos el dise\u00f1o y fabricaci\u00f3n de moldes y utillajes tanto de fabricaci\u00f3n como de control para proporcionar un servicio llave en mano a nuestros clientes.[\/vc_column_text][\/vc_column][vc_column width=\u00bb1\/4&#8243;][\/vc_column][\/vc_row][vc_row full_width=\u00bbstretch_row\u00bb css_animation=\u00bbnone\u00bb css=\u00bb.vc_custom_1601988390991{padding-top: 50px !important;padding-bottom: 50px !important;background-color: #cc1b1d !important;}\u00bb][vc_column css_animation=\u00bbfadeInLeft\u00bb width=\u00bb1\/2&#8243;][vc_custom_heading text=\u00bbFUENTES DE LUZ\u00bb font_container=\u00bbtag:h3|text_align:left\u00bb use_theme_fonts=\u00bbyes\u00bb el_class=\u00bbtexto-blanco\u00bb][vc_row_inner css=\u00bb.vc_custom_1593776536200{margin-top: 10px !important;margin-right: 10px !important;margin-bottom: 10px !important;margin-left: 10px !important;border-top-width: 0px !important;border-right-width: 0px !important;border-bottom-width: 0px !important;border-left-width: 0px !important;padding-top: 20px !important;padding-right: 20px !important;padding-bottom: 20px !important;padding-left: 20px !important;background-color: #cc1b1d !important;}\u00bb][vc_column_inner width=\u00bb1\/4&#8243;][vc_single_image image=\u00bb15700&#8243;][\/vc_column_inner][vc_column_inner width=\u00bb3\/4&#8243;][vc_column_text el_class=\u00bbtexto-blanco\u00bb]<strong>Tecnolog\u00eda LED <\/strong><\/p>\n<p>Estamos especializados en faros\u00a0 LED, luces traseras y luces intermitentes con dise\u00f1os innovadores que proporcionan al mismo tiempo soluciones rentables[\/vc_column_text][\/vc_column_inner][\/vc_row_inner][vc_row_inner css=\u00bb.vc_custom_1593776546906{margin-top: 10px !important;margin-right: 10px !important;margin-bottom: 10px !important;margin-left: 10px !important;border-top-width: 0px !important;border-right-width: 0px !important;border-bottom-width: 0px !important;border-left-width: 0px !important;padding-top: 20px !important;padding-right: 20px !important;padding-bottom: 20px !important;padding-left: 20px !important;background-color: #cc1b1d !important;}\u00bb][vc_column_inner width=\u00bb1\/4&#8243;][vc_single_image image=\u00bb15699&#8243;][\/vc_column_inner][vc_column_inner width=\u00bb3\/4&#8243;][vc_column_text el_class=\u00bbtexto-blanco\u00bb]<strong>Tecnolog\u00eda Laser\u00a0 <\/strong><\/p>\n<p>Al seleccionar una fuente de luz L\u00c1SER LED, aumentamos la potencia de la luz de profundidad en la carretera con un dise\u00f1o m\u00e1s compacto[\/vc_column_text][\/vc_column_inner][\/vc_row_inner][vc_row_inner css=\u00bb.vc_custom_1593776557161{margin-top: 10px !important;margin-right: 10px !important;margin-bottom: 10px !important;margin-left: 10px !important;border-top-width: 0px !important;border-right-width: 0px !important;border-bottom-width: 0px !important;border-left-width: 0px !important;padding-top: 20px !important;padding-right: 20px !important;padding-bottom: 20px !important;padding-left: 20px !important;background-color: #cc1b1d !important;}\u00bb][vc_column_inner width=\u00bb1\/4&#8243;][vc_single_image image=\u00bb15704&#8243;][\/vc_column_inner][vc_column_inner width=\u00bb3\/4&#8243;][vc_column_text el_class=\u00bbtexto-blanco\u00bb]<strong>Soluci\u00f3n de Lampara <\/strong><\/p>\n<p>El uso de la tecnolog\u00eda de bombilla tradicional se implementa en los dispositivos altamente sensibles al coste[\/vc_column_text][\/vc_column_inner][\/vc_row_inner][vc_row_inner css=\u00bb.vc_custom_1593776568783{margin-top: 10px !important;margin-right: 10px !important;margin-bottom: 10px !important;margin-left: 10px !important;border-top-width: 0px !important;border-right-width: 0px !important;border-bottom-width: 0px !important;border-left-width: 0px !important;padding-top: 20px !important;padding-right: 20px !important;padding-bottom: 20px !important;padding-left: 20px !important;background-color: #cc1b1d !important;}\u00bb][vc_column_inner width=\u00bb1\/4&#8243;][vc_single_image image=\u00bb15698&#8243;][\/vc_column_inner][vc_column_inner width=\u00bb3\/4&#8243;][vc_column_text el_class=\u00bbtexto-blanco\u00bb]<strong>Soluciones Bixenon\u00a0 <\/strong><\/p>\n<p>El uso de la soluci\u00f3n de bixen\u00f3n garantiza rendimientos notables con alto contenido tecnol\u00f3gico[\/vc_column_text][\/vc_column_inner][\/vc_row_inner][\/vc_column][vc_column css_animation=\u00bbfadeInRight\u00bb width=\u00bb1\/2&#8243;][vc_custom_heading text=\u00bbTRATAMIENTOS\u00bb font_container=\u00bbtag:h3|text_align:left\u00bb use_theme_fonts=\u00bbyes\u00bb el_class=\u00bbtexto-blanco\u00bb][vc_row_inner css=\u00bb.vc_custom_1593776581356{margin-top: 10px !important;margin-right: 10px !important;margin-bottom: 10px !important;margin-left: 10px !important;border-top-width: 0px !important;border-right-width: 0px !important;border-bottom-width: 0px !important;border-left-width: 0px !important;padding-top: 20px !important;padding-right: 20px !important;padding-bottom: 20px !important;padding-left: 20px !important;background-color: #cc1b1d !important;}\u00bb][vc_column_inner width=\u00bb1\/4&#8243;][vc_single_image image=\u00bb15701&#8243;][\/vc_column_inner][vc_column_inner width=\u00bb3\/4&#8243;][vc_column_text el_class=\u00bbtexto-blanco\u00bb]<strong>Antiniebla <\/strong><\/p>\n<p>Permite reducir el efecto de condensaci\u00f3n dentro del dispositivo[\/vc_column_text][\/vc_column_inner][\/vc_row_inner][vc_row_inner css=\u00bb.vc_custom_1593776590648{margin-top: 10px !important;margin-right: 10px !important;margin-bottom: 10px !important;margin-left: 10px !important;border-top-width: 0px !important;border-right-width: 0px !important;border-bottom-width: 0px !important;border-left-width: 0px !important;padding-top: 20px !important;padding-right: 20px !important;padding-bottom: 20px !important;padding-left: 20px !important;background-color: #cc1b1d !important;}\u00bb][vc_column_inner width=\u00bb1\/4&#8243;][vc_single_image image=\u00bb15703&#8243;][\/vc_column_inner][vc_column_inner width=\u00bb3\/4&#8243;][vc_column_text el_class=\u00bbtexto-blanco\u00bb]<strong>Protecci\u00f3n UV <\/strong><\/p>\n<p>Permite aumentar el poder proteger a los materiales del dispositivo contra las radiaciones solares, que pueden ser potencialmente da\u00f1inas[\/vc_column_text][\/vc_column_inner][\/vc_row_inner][vc_row_inner css=\u00bb.vc_custom_1593776608969{margin-top: 10px !important;margin-right: 10px !important;margin-bottom: 10px !important;margin-left: 10px !important;border-top-width: 0px !important;border-right-width: 0px !important;border-bottom-width: 0px !important;border-left-width: 0px !important;padding-top: 20px !important;padding-right: 20px !important;padding-bottom: 20px !important;padding-left: 20px !important;background-color: #cc1b1d !important;}\u00bb][vc_column_inner width=\u00bb1\/4&#8243;][vc_single_image image=\u00bb15702&#8243;][\/vc_column_inner][vc_column_inner width=\u00bb3\/4&#8243;][vc_column_text el_class=\u00bbtexto-blanco\u00bb]<strong>Protecci\u00f3n contra abrasiones mec\u00e1nicas \/ Metalizado<\/strong><\/p>\n<p>Permite obtener una mayor protecci\u00f3n y resistencia a las abrasiones mec\u00e1nicas[\/vc_column_text][\/vc_column_inner][\/vc_row_inner][vc_row_inner css=\u00bb.vc_custom_1593776618952{margin-top: 10px !important;margin-right: 10px !important;margin-bottom: 10px !important;margin-left: 10px !important;border-top-width: 0px !important;border-right-width: 0px !important;border-bottom-width: 0px !important;border-left-width: 0px !important;padding-top: 20px !important;padding-right: 20px !important;padding-bottom: 20px !important;padding-left: 20px !important;background-color: #cc1b1d !important;}\u00bb][vc_column_inner width=\u00bb1\/4&#8243;][vc_single_image image=\u00bb15707&#8243;][\/vc_column_inner][vc_column_inner width=\u00bb3\/4&#8243;][vc_column_text el_class=\u00bbtexto-blanco\u00bb]<strong>Barnizado\u00a0\u00a0 <\/strong><\/p>\n<p>Permite incluir materiales como BMC o PPS para reflectores[\/vc_column_text][\/vc_column_inner][\/vc_row_inner][\/vc_column][\/vc_row]<\/p>\n","protected":false},"excerpt":{"rendered":"<p>[vc_row css=\u00bb.vc_custom_1603455729199{margin-top: -70px !important;margin-right: 0px !important;margin-left: 0px !important;border-right-width: 0px !important;border-left-width: 0px !important;padding-top: 0px !important;padding-right: 0px !important;padding-bottom: 0px !important;padding-left: 0px !important;}\u00bb][vc_column][vc_row_inner equal_height=\u00bbyes\u00bb][vc_column_inner width=\u00bb1\/2&#8243;][vc_custom_heading text=\u00bbNuestros servicios\u00bb font_container=\u00bbtag:h2|font_size:20|text_align:left|color:%23ffffff\u00bb google_fonts=\u00bbfont_family:Oswald%3A300%2Cregular%2C700|font_style:300%20light%20regular%3A300%3Anormal\u00bb css=\u00bb.vc_custom_1600264293622{margin-top: 20px !important;margin-bottom: 20px !important;padding-right: 10px !important;padding-left: 10px !important;background-color: #e6321b !important;border-radius: 4px !important;}\u00bb el_class=\u00bbwmitad\u00bb][vc_custom_heading text=\u00bbPRODUCCI\u00d3N\u00bb font_container=\u00bbtag:h2|font_size:55|text_align:left|color:%23000000|line_height:1&#8243; google_fonts=\u00bbfont_family:Oswald%3A300%2Cregular%2C700|font_style:400%20regular%3A400%3Anormal\u00bb css=\u00bb.vc_custom_1592250848173{margin-top: -10px !important;}\u00bb][vc_custom_heading text=\u00bbSoluciones integrales\u00bb font_container=\u00bbtag:h2|text_align:left|color:%23000000|line_height:1&#8243; google_fonts=\u00bbfont_family:Oswald%3A300%2Cregular%2C700|font_style:300%20light%20regular%3A300%3Anormal\u00bb][vc_separator color=\u00bbcustom\u00bb align=\u00bbalign_left\u00bb border_width=\u00bb4&#8243; el_width=\u00bb10&#8243; accent_color=\u00bb#dd3333&#8243;&hellip;<\/p>\n","protected":false},"author":1,"featured_media":0,"parent":15152,"menu_order":0,"comment_status":"closed","ping_status":"closed","template":"","meta":[],"class_list":["post-15621","page","type-page","status-publish","hentry","description-off"],"yoast_head":"<!-- This site is optimized with the Yoast SEO plugin v27.4 - https:\/\/yoast.com\/product\/yoast-seo-wordpress\/ -->\n<title>Producci\u00f3n - Rinder<\/title>\n<meta name=\"robots\" content=\"index, follow, max-snippet:-1, max-image-preview:large, max-video-preview:-1\" \/>\n<link rel=\"canonical\" href=\"https:\/\/rinder.com\/es\/servicios\/produccion\/\" \/>\n<meta property=\"og:locale\" content=\"es_ES\" \/>\n<meta property=\"og:type\" content=\"article\" \/>\n<meta property=\"og:title\" content=\"Producci\u00f3n - Rinder\" \/>\n<meta property=\"og:description\" content=\"[vc_row css=\u00bb.vc_custom_1603455729199{margin-top: -70px !important;margin-right: 0px !important;margin-left: 0px !important;border-right-width: 0px !important;border-left-width: 0px !important;padding-top: 0px !important;padding-right: 0px !important;padding-bottom: 0px !important;padding-left: 0px !important;}\u00bb][vc_column][vc_row_inner equal_height=\u00bbyes\u00bb][vc_column_inner width=\u00bb1\/2&#8243;][vc_custom_heading text=\u00bbNuestros servicios\u00bb font_container=\u00bbtag:h2|font_size:20|text_align:left|color:%23ffffff\u00bb google_fonts=\u00bbfont_family:Oswald%3A300%2Cregular%2C700|font_style:300%20light%20regular%3A300%3Anormal\u00bb css=\u00bb.vc_custom_1600264293622{margin-top: 20px !important;margin-bottom: 20px !important;padding-right: 10px !important;padding-left: 10px !important;background-color: #e6321b !important;border-radius: 4px !important;}\u00bb el_class=\u00bbwmitad\u00bb][vc_custom_heading text=\u00bbPRODUCCI\u00d3N\u00bb font_container=\u00bbtag:h2|font_size:55|text_align:left|color:%23000000|line_height:1&#8243; google_fonts=\u00bbfont_family:Oswald%3A300%2Cregular%2C700|font_style:400%20regular%3A400%3Anormal\u00bb css=\u00bb.vc_custom_1592250848173{margin-top: -10px !important;}\u00bb][vc_custom_heading text=\u00bbSoluciones integrales\u00bb font_container=\u00bbtag:h2|text_align:left|color:%23000000|line_height:1&#8243; google_fonts=\u00bbfont_family:Oswald%3A300%2Cregular%2C700|font_style:300%20light%20regular%3A300%3Anormal\u00bb][vc_separator color=\u00bbcustom\u00bb align=\u00bbalign_left\u00bb border_width=\u00bb4&#8243; el_width=\u00bb10&#8243; accent_color=\u00bb#dd3333&#8243;&hellip;\" \/>\n<meta property=\"og:url\" content=\"https:\/\/rinder.com\/es\/servicios\/produccion\/\" \/>\n<meta property=\"og:site_name\" content=\"Rinder\" \/>\n<meta property=\"article:modified_time\" content=\"2020-10-23T12:22:31+00:00\" \/>\n<meta name=\"twitter:card\" content=\"summary_large_image\" \/>\n<meta name=\"twitter:label1\" content=\"Tiempo de lectura\" \/>\n\t<meta name=\"twitter:data1\" content=\"8 minutos\" \/>\n<script type=\"application\/ld+json\" class=\"yoast-schema-graph\">{\"@context\":\"https:\\\/\\\/schema.org\",\"@graph\":[{\"@type\":\"WebPage\",\"@id\":\"https:\\\/\\\/rinder.com\\\/es\\\/servicios\\\/produccion\\\/\",\"url\":\"https:\\\/\\\/rinder.com\\\/es\\\/servicios\\\/produccion\\\/\",\"name\":\"Producci\u00f3n - Rinder\",\"isPartOf\":{\"@id\":\"https:\\\/\\\/rinder.com\\\/es\\\/#website\"},\"datePublished\":\"2020-06-15T20:00:56+00:00\",\"dateModified\":\"2020-10-23T12:22:31+00:00\",\"breadcrumb\":{\"@id\":\"https:\\\/\\\/rinder.com\\\/es\\\/servicios\\\/produccion\\\/#breadcrumb\"},\"inLanguage\":\"es\",\"potentialAction\":[{\"@type\":\"ReadAction\",\"target\":[\"https:\\\/\\\/rinder.com\\\/es\\\/servicios\\\/produccion\\\/\"]}]},{\"@type\":\"BreadcrumbList\",\"@id\":\"https:\\\/\\\/rinder.com\\\/es\\\/servicios\\\/produccion\\\/#breadcrumb\",\"itemListElement\":[{\"@type\":\"ListItem\",\"position\":1,\"name\":\"Home\",\"item\":\"https:\\\/\\\/rinder.com\\\/es\\\/\"},{\"@type\":\"ListItem\",\"position\":2,\"name\":\"Servicios\",\"item\":\"https:\\\/\\\/rinder.com\\\/es\\\/servicios\\\/\"},{\"@type\":\"ListItem\",\"position\":3,\"name\":\"Producci\u00f3n\"}]},{\"@type\":\"WebSite\",\"@id\":\"https:\\\/\\\/rinder.com\\\/es\\\/#website\",\"url\":\"https:\\\/\\\/rinder.com\\\/es\\\/\",\"name\":\"Rinder\",\"description\":\"Dise\u00f1o y fabricaci\u00f3n de componentes de iluminaci\u00f3n para automoci\u00f3n\",\"potentialAction\":[{\"@type\":\"SearchAction\",\"target\":{\"@type\":\"EntryPoint\",\"urlTemplate\":\"https:\\\/\\\/rinder.com\\\/es\\\/?s={search_term_string}\"},\"query-input\":{\"@type\":\"PropertyValueSpecification\",\"valueRequired\":true,\"valueName\":\"search_term_string\"}}],\"inLanguage\":\"es\"}]}<\/script>\n<!-- \/ Yoast SEO plugin. -->","yoast_head_json":{"title":"Producci\u00f3n - Rinder","robots":{"index":"index","follow":"follow","max-snippet":"max-snippet:-1","max-image-preview":"max-image-preview:large","max-video-preview":"max-video-preview:-1"},"canonical":"https:\/\/rinder.com\/es\/servicios\/produccion\/","og_locale":"es_ES","og_type":"article","og_title":"Producci\u00f3n - Rinder","og_description":"[vc_row css=\u00bb.vc_custom_1603455729199{margin-top: -70px !important;margin-right: 0px !important;margin-left: 0px !important;border-right-width: 0px !important;border-left-width: 0px !important;padding-top: 0px !important;padding-right: 0px !important;padding-bottom: 0px !important;padding-left: 0px !important;}\u00bb][vc_column][vc_row_inner equal_height=\u00bbyes\u00bb][vc_column_inner width=\u00bb1\/2&#8243;][vc_custom_heading text=\u00bbNuestros servicios\u00bb font_container=\u00bbtag:h2|font_size:20|text_align:left|color:%23ffffff\u00bb google_fonts=\u00bbfont_family:Oswald%3A300%2Cregular%2C700|font_style:300%20light%20regular%3A300%3Anormal\u00bb css=\u00bb.vc_custom_1600264293622{margin-top: 20px !important;margin-bottom: 20px !important;padding-right: 10px !important;padding-left: 10px !important;background-color: #e6321b !important;border-radius: 4px !important;}\u00bb el_class=\u00bbwmitad\u00bb][vc_custom_heading text=\u00bbPRODUCCI\u00d3N\u00bb font_container=\u00bbtag:h2|font_size:55|text_align:left|color:%23000000|line_height:1&#8243; google_fonts=\u00bbfont_family:Oswald%3A300%2Cregular%2C700|font_style:400%20regular%3A400%3Anormal\u00bb css=\u00bb.vc_custom_1592250848173{margin-top: -10px !important;}\u00bb][vc_custom_heading text=\u00bbSoluciones integrales\u00bb font_container=\u00bbtag:h2|text_align:left|color:%23000000|line_height:1&#8243; google_fonts=\u00bbfont_family:Oswald%3A300%2Cregular%2C700|font_style:300%20light%20regular%3A300%3Anormal\u00bb][vc_separator color=\u00bbcustom\u00bb align=\u00bbalign_left\u00bb border_width=\u00bb4&#8243; el_width=\u00bb10&#8243; accent_color=\u00bb#dd3333&#8243;&hellip;","og_url":"https:\/\/rinder.com\/es\/servicios\/produccion\/","og_site_name":"Rinder","article_modified_time":"2020-10-23T12:22:31+00:00","twitter_card":"summary_large_image","twitter_misc":{"Tiempo de lectura":"8 minutos"},"schema":{"@context":"https:\/\/schema.org","@graph":[{"@type":"WebPage","@id":"https:\/\/rinder.com\/es\/servicios\/produccion\/","url":"https:\/\/rinder.com\/es\/servicios\/produccion\/","name":"Producci\u00f3n - Rinder","isPartOf":{"@id":"https:\/\/rinder.com\/es\/#website"},"datePublished":"2020-06-15T20:00:56+00:00","dateModified":"2020-10-23T12:22:31+00:00","breadcrumb":{"@id":"https:\/\/rinder.com\/es\/servicios\/produccion\/#breadcrumb"},"inLanguage":"es","potentialAction":[{"@type":"ReadAction","target":["https:\/\/rinder.com\/es\/servicios\/produccion\/"]}]},{"@type":"BreadcrumbList","@id":"https:\/\/rinder.com\/es\/servicios\/produccion\/#breadcrumb","itemListElement":[{"@type":"ListItem","position":1,"name":"Home","item":"https:\/\/rinder.com\/es\/"},{"@type":"ListItem","position":2,"name":"Servicios","item":"https:\/\/rinder.com\/es\/servicios\/"},{"@type":"ListItem","position":3,"name":"Producci\u00f3n"}]},{"@type":"WebSite","@id":"https:\/\/rinder.com\/es\/#website","url":"https:\/\/rinder.com\/es\/","name":"Rinder","description":"Dise\u00f1o y fabricaci\u00f3n de componentes de iluminaci\u00f3n para automoci\u00f3n","potentialAction":[{"@type":"SearchAction","target":{"@type":"EntryPoint","urlTemplate":"https:\/\/rinder.com\/es\/?s={search_term_string}"},"query-input":{"@type":"PropertyValueSpecification","valueRequired":true,"valueName":"search_term_string"}}],"inLanguage":"es"}]}},"_links":{"self":[{"href":"https:\/\/rinder.com\/es\/wp-json\/wp\/v2\/pages\/15621","targetHints":{"allow":["GET"]}}],"collection":[{"href":"https:\/\/rinder.com\/es\/wp-json\/wp\/v2\/pages"}],"about":[{"href":"https:\/\/rinder.com\/es\/wp-json\/wp\/v2\/types\/page"}],"author":[{"embeddable":true,"href":"https:\/\/rinder.com\/es\/wp-json\/wp\/v2\/users\/1"}],"replies":[{"embeddable":true,"href":"https:\/\/rinder.com\/es\/wp-json\/wp\/v2\/comments?post=15621"}],"version-history":[{"count":0,"href":"https:\/\/rinder.com\/es\/wp-json\/wp\/v2\/pages\/15621\/revisions"}],"up":[{"embeddable":true,"href":"https:\/\/rinder.com\/es\/wp-json\/wp\/v2\/pages\/15152"}],"wp:attachment":[{"href":"https:\/\/rinder.com\/es\/wp-json\/wp\/v2\/media?parent=15621"}],"curies":[{"name":"wp","href":"https:\/\/api.w.org\/{rel}","templated":true}]}}