{"id":15582,"date":"2020-06-15T14:26:43","date_gmt":"2020-06-15T14:26:43","guid":{"rendered":"https:\/\/desarrolloweb.cistec.es\/rinder\/?page_id=15582"},"modified":"2020-10-13T08:23:32","modified_gmt":"2020-10-13T08:23:32","slug":"ensayos-de-laboratorio","status":"publish","type":"page","link":"https:\/\/rinder.com\/es\/servicios\/ensayos-de-laboratorio\/","title":{"rendered":"Ensayos de Laboratorio"},"content":{"rendered":"<p>[vc_row full_width=\u00bbstretch_row\u00bb css=\u00bb.vc_custom_1600068377829{margin-top: -70px !important;padding-top: 0px !important;}\u00bb][vc_column][vc_row_inner][vc_column_inner width=\u00bb1\/2&#8243;][vc_custom_heading text=\u00bbNuestros servicios\u00bb font_container=\u00bbtag:h2|font_size:20|text_align:left|color:%23ffffff\u00bb google_fonts=\u00bbfont_family:Oswald%3A300%2Cregular%2C700|font_style:300%20light%20regular%3A300%3Anormal\u00bb css=\u00bb.vc_custom_1600264263881{margin-top: 20px !important;margin-bottom: 20px !important;padding-right: 10px !important;padding-left: 10px !important;background-color: #e6321b !important;border-radius: 4px !important;}\u00bb el_class=\u00bbwmitad\u00bb][vc_custom_heading text=\u00bbEnsayos de laboratorio\u00bb font_container=\u00bbtag:h2|font_size:55|text_align:left|color:%23000000|line_height:1&#8243; google_fonts=\u00bbfont_family:Oswald%3A300%2Cregular%2C700|font_style:400%20regular%3A400%3Anormal\u00bb css=\u00bb.vc_custom_1592230975634{margin-top: -10px !important;}\u00bb][vc_custom_heading text=\u00bbSoluciones integrales\u00bb font_container=\u00bbtag:h2|text_align:left|color:%23000000|line_height:1&#8243; google_fonts=\u00bbfont_family:Oswald%3A300%2Cregular%2C700|font_style:300%20light%20regular%3A300%3Anormal\u00bb][vc_separator color=\u00bbcustom\u00bb align=\u00bbalign_left\u00bb border_width=\u00bb4&#8243; el_width=\u00bb10&#8243; accent_color=\u00bb#dd3333&#8243; css=\u00bb.vc_custom_1600258296400{margin-bottom: 40px !important;}\u00bb][vc_column_text]La creciente demanda de integraci\u00f3n de sistemas electr\u00f3nicos de iluminaci\u00f3n en los veh\u00edculos ha hecho m\u00e1s complejo pero mucho m\u00e1s interesante el desarrollo y la validaci\u00f3n de nuestros productos. Con el fin de cumplir con los est\u00e1ndares sectoriales, acortar el tiempo de validaci\u00f3n y reducir costes de desarrollo se requiere: evaluar y garantizar la fiabilidad, la seguridad y la compatibilidad de los componentes desde la fase de concepci\u00f3n y el desarrollo. Para cumplir con estos requisitos LSTC cuenta en sus instalaciones con un laboratorio que dispone de los siguientes equipos \/ ensayos para la validaci\u00f3n de sus productos.[\/vc_column_text][\/vc_column_inner][vc_column_inner width=\u00bb1\/2&#8243;][vc_single_image image=\u00bb16123&#8243; img_size=\u00bblarge\u00bb css=\u00bb.vc_custom_1600068767726{margin-top: 20px !important;margin-bottom: 20px !important;}\u00bb][\/vc_column_inner][\/vc_row_inner][\/vc_column][\/vc_row][vc_row full_width=\u00bbstretch_row\u00bb css=\u00bb.vc_custom_1592217774766{padding-top: 50px !important;padding-bottom: 50px !important;background-color: #cc1b1d !important;}\u00bb][vc_column width=\u00bb1\/3&#8243;][vc_custom_heading text=\u00bbEnsayos\u00bb font_container=\u00bbtag:h3|text_align:left\u00bb use_theme_fonts=\u00bbyes\u00bb el_class=\u00bbtexto-blanco\u00bb]<div class=\"standard-arrow list-divider bullet-top\"><ul class=\"texto-blanco\">\n<li>Pruebas de ataque qu\u00edmico<\/li>\n<li>Ensayos de impacto \/ shock test<\/li>\n<li>Pruebas de resistencia de encendido continuo<\/li>\n<li>Ensayos fotom\u00e9tricos y de colorimetr\u00eda<\/li>\n<li>Ensayos de resistencia del metalizado en reflectores<\/li>\n<li>Pruebas de conexi\u00f3n inversa<\/li>\n<\/ul>\n<\/div>[\/vc_column][vc_column width=\u00bb1\/3&#8243;][vc_row_inner css=\u00bb.vc_custom_1592249623643{padding-top: 45px !important;padding-right: 20px !important;padding-bottom: 20px !important;padding-left: 20px !important;}\u00bb][vc_column_inner]<div class=\"standard-arrow list-divider bullet-top\"><ul class=\"texto-blanco\">\n<li>Ensayos de adherencia<\/li>\n<li>Pruebas de resistencia de aislamiento el\u00e9ctrico<\/li>\n<li>Medidas de par de apriete<\/li>\n<li>Pruebas de sobretensi\u00f3n<\/li>\n<li>Ensayos de condensaci\u00f3n<\/li>\n<li>Ensayos de impacto con bola de acero inoxidable<\/li>\n<li>Pruebas de ca\u00edda de voltaje y cortocircuito<\/li>\n<\/ul>\n<\/div>[\/vc_column_inner][\/vc_row_inner][\/vc_column][vc_column width=\u00bb1\/3&#8243;][vc_row_inner css=\u00bb.vc_custom_1592249623643{padding-top: 45px !important;padding-right: 20px !important;padding-bottom: 20px !important;padding-left: 20px !important;}\u00bb][vc_column_inner]<div class=\"standard-arrow list-divider bullet-top\"><ul class=\"texto-blanco\">\n<li>Pruebas de inmersi\u00f3n<\/li>\n<li>Ensayos de deformaci\u00f3n<\/li>\n<li>Ensayos de temperatura de materiales<\/li>\n<li>Ensayos de durabilidad<\/li>\n<li>Ensayos de estanqueidad (polvo\/ agua)<\/li>\n<li>Ensayo de corrosi\u00f3n<\/li>\n<\/ul>\n<\/div>[\/vc_column_inner][\/vc_row_inner][\/vc_column][\/vc_row][vc_row full_width=\u00bbstretch_row_content_no_spaces\u00bb equal_height=\u00bbyes\u00bb content_placement=\u00bbtop\u00bb][vc_column width=\u00bb1\/2&#8243; css=\u00bb.vc_custom_1602168520248{margin-top: 0px !important;margin-right: 0px !important;margin-bottom: 0px !important;margin-left: 0px !important;border-top-width: 0px !important;border-right-width: 0px !important;border-bottom-width: 0px !important;border-left-width: 0px !important;padding-top: 0px !important;padding-right: 0px !important;padding-bottom: 0px !important;padding-left: 0px !important;background-image: url(https:\/\/rinder.com\/wp-content\/uploads\/2020\/09\/laboratorio.jpg?id=16142) !important;background-position: center !important;background-repeat: no-repeat !important;background-size: cover !important;}\u00bb][\/vc_column][vc_column width=\u00bb1\/2&#8243; css=\u00bb.vc_custom_1601549225586{margin-top: 0px !important;margin-right: 0px !important;margin-bottom: 0px !important;margin-left: 0px !important;border-top-width: 0px !important;border-right-width: 0px !important;border-bottom-width: 0px !important;border-left-width: 0px !important;padding-top: 0px !important;padding-right: 0px !important;padding-bottom: 0px !important;padding-left: 0px !important;}\u00bb][vc_row_inner css=\u00bb.vc_custom_1601549235298{margin-top: 0px !important;margin-right: 0px !important;margin-bottom: 0px !important;margin-left: 0px !important;border-top-width: 0px !important;border-right-width: 0px !important;border-bottom-width: 0px !important;border-left-width: 0px !important;padding-top: 0px !important;padding-right: 0px !important;padding-bottom: 0px !important;padding-left: 0px !important;}\u00bb][vc_column_inner width=\u00bb1\/2&#8243; css=\u00bb.vc_custom_1601549246020{margin-top: 0px !important;margin-right: 0px !important;margin-bottom: 0px !important;margin-left: 0px !important;border-top-width: 0px !important;border-right-width: 0px !important;border-bottom-width: 0px !important;border-left-width: 0px !important;padding-top: 0px !important;padding-right: 0px !important;padding-bottom: 0px !important;padding-left: 0px !important;}\u00bb][vc_single_image image=\u00bb16139&#8243; img_size=\u00bb476&#215;267&#8243; css=\u00bb.vc_custom_1601549971205{margin-top: 0px !important;margin-right: 0px !important;margin-bottom: 0px !important;margin-left: 0px !important;border-top-width: 0px !important;border-right-width: 0px !important;border-bottom-width: 0px !important;border-left-width: 0px !important;padding-top: 0px !important;padding-right: 0px !important;padding-bottom: 0px !important;padding-left: 0px !important;}\u00bb][\/vc_column_inner][vc_column_inner width=\u00bb1\/2&#8243; css=\u00bb.vc_custom_1601549254786{margin-top: 0px !important;margin-right: 0px !important;margin-bottom: 0px !important;margin-left: 0px !important;border-top-width: 0px !important;border-right-width: 0px !important;border-bottom-width: 0px !important;border-left-width: 0px !important;padding-top: 0px !important;padding-right: 0px !important;padding-bottom: 0px !important;padding-left: 0px !important;}\u00bb][vc_column_text css=\u00bb.vc_custom_1602168333404{margin-top: 0px !important;margin-right: 0px !important;margin-bottom: -8px !important;margin-left: 0px !important;border-top-width: 0px !important;border-right-width: 0px !important;border-bottom-width: 0px !important;border-left-width: 0px !important;padding-top: 0px !important;padding-right: 0px !important;padding-bottom: 0px !important;padding-left: 0px !important;}\u00bb]<video autoplay loop muted playsinline class=\"videogif\"style=\"width: 100%\" ><source src=\"https:\/\/rinder.com\/wp-content\/uploads\/2020\/09\/vibracion.mp4\" type=\"video\/mp4\" \/><p>Your browser does not support the video element.<\/p><\/video>[\/vc_column_text][\/vc_column_inner][\/vc_row_inner][vc_row_inner css=\u00bb.vc_custom_1601549787550{margin-top: 0px !important;margin-right: 0px !important;margin-bottom: 0px !important;margin-left: 0px !important;border-top-width: 0px !important;border-right-width: 0px !important;border-bottom-width: 0px !important;border-left-width: 0px !important;padding-top: 0px !important;padding-right: 0px !important;padding-bottom: 0px !important;padding-left: 0px !important;}\u00bb][vc_column_inner width=\u00bb1\/2&#8243; css=\u00bb.vc_custom_1601549277054{margin-top: 0px !important;margin-right: 0px !important;margin-bottom: 0px !important;margin-left: 0px !important;border-top-width: 0px !important;border-right-width: 0px !important;border-bottom-width: 0px !important;border-left-width: 0px !important;padding-top: 0px !important;padding-right: 0px !important;padding-bottom: 0px !important;padding-left: 0px !important;}\u00bb][vc_column_text css=\u00bb.vc_custom_1602168323450{margin-top: 0px !important;margin-right: 0px !important;margin-bottom: -10px !important;margin-left: 0px !important;border-top-width: 0px !important;border-right-width: 0px !important;border-bottom-width: 0px !important;border-left-width: 0px !important;padding-top: 0px !important;padding-right: 0px !important;padding-bottom: 0px !important;padding-left: 0px !important;}\u00bb]<video autoplay loop muted playsinline class=\"videogif\"style=\"width: 100%\" ><source src=\"https:\/\/rinder.com\/wp-content\/uploads\/2020\/09\/goniometro.mp4\" type=\"video\/mp4\" \/><p>Your browser does not support the video element.<\/p><\/video>[\/vc_column_text][\/vc_column_inner][vc_column_inner width=\u00bb1\/2&#8243; css=\u00bb.vc_custom_1601549298278{margin-top: 0px !important;margin-right: 0px !important;margin-bottom: 0px !important;margin-left: 0px !important;border-top-width: 0px !important;border-right-width: 0px !important;border-bottom-width: 0px !important;border-left-width: 0px !important;padding-top: 0px !important;padding-right: 0px !important;padding-bottom: 0px !important;padding-left: 0px !important;}\u00bb][vc_single_image image=\u00bb15441&#8243; img_size=\u00bb476&#215;267&#8243; css=\u00bb.vc_custom_1601549963805{margin-top: 0px !important;margin-right: 0px !important;margin-bottom: 0px !important;margin-left: 0px !important;border-top-width: 0px !important;border-right-width: 0px !important;border-bottom-width: 0px !important;border-left-width: 0px !important;padding-top: 0px !important;padding-right: 0px !important;padding-bottom: 0px !important;padding-left: 0px !important;}\u00bb][\/vc_column_inner][\/vc_row_inner][\/vc_column][\/vc_row][vc_row full_width=\u00bbstretch_row\u00bb css=\u00bb.vc_custom_1592915189121{margin-top: 60px !important;margin-bottom: 20px !important;}\u00bb][vc_column width=\u00bb1\/2&#8243;][vc_custom_heading text=\u00bbEquipos\u00bb font_container=\u00bbtag:h3|text_align:left|color:%23e6321b\u00bb use_theme_fonts=\u00bbyes\u00bb]<div class=\"standard-arrow list-divider bullet-top\"><ul>\n<li>C\u00e1mara de niebla salina<\/li>\n<li>C\u00e1mara de Polvo<\/li>\n<li>C\u00e1mara de lluvia<\/li>\n<li>M\u00e1quina de vibraci\u00f3n y de resonancia<\/li>\n<li>2 c\u00e1maras clim\u00e1ticas y de humedad<\/li>\n<\/ul>\n<\/div>[\/vc_column][vc_column width=\u00bb1\/2&#8243;][vc_column_text]Los ensayos realizados en nuestro laboratorio utilizan m\u00e9todos normalizados para obtener unos resultados fiables y as\u00ed cumplir con los requisitos requeridos por los clientes. Adem\u00e1s del m\u00e9todo influyen otros factores y por ello tenemos establecido un sistema de gesti\u00f3n de la calidad basado en la norma <strong>IATF 16949<\/strong> que asegure la calidad de los resultados.<\/p>\n<p>Los resultados de nuestros ensayos garantizan la fiabilidad de nuestros productos y los requerimientos para la homologaci\u00f3n de nuestros dispositivos seg\u00fan la norma requerida dependiendo de los requisitos se\u00f1alados por nuestros clientes que se concretan en pa\u00eds de uso y normativa aplicable del pa\u00eds y del cliente.del pa\u00eds donde se vayan a proceder a su venta.<\/p>\n<p>Adem\u00e1s, contamos con la colaboraci\u00f3n de los principales laboratorios homologados y certificados seg\u00fan <strong>ISO 17025<\/strong> para poder desarrollar nuevos ensayos o contrastar los ensayos llevados a cabo en nuestras instalaciones.[\/vc_column_text][\/vc_column][\/vc_row]<\/p>\n","protected":false},"excerpt":{"rendered":"<p>[vc_row full_width=\u00bbstretch_row\u00bb css=\u00bb.vc_custom_1600068377829{margin-top: -70px !important;padding-top: 0px !important;}\u00bb][vc_column][vc_row_inner][vc_column_inner width=\u00bb1\/2&#8243;][vc_custom_heading text=\u00bbNuestros servicios\u00bb font_container=\u00bbtag:h2|font_size:20|text_align:left|color:%23ffffff\u00bb google_fonts=\u00bbfont_family:Oswald%3A300%2Cregular%2C700|font_style:300%20light%20regular%3A300%3Anormal\u00bb css=\u00bb.vc_custom_1600264263881{margin-top: 20px !important;margin-bottom: 20px !important;padding-right: 10px !important;padding-left: 10px !important;background-color: #e6321b !important;border-radius: 4px !important;}\u00bb el_class=\u00bbwmitad\u00bb][vc_custom_heading text=\u00bbEnsayos de laboratorio\u00bb font_container=\u00bbtag:h2|font_size:55|text_align:left|color:%23000000|line_height:1&#8243; google_fonts=\u00bbfont_family:Oswald%3A300%2Cregular%2C700|font_style:400%20regular%3A400%3Anormal\u00bb css=\u00bb.vc_custom_1592230975634{margin-top: -10px !important;}\u00bb][vc_custom_heading text=\u00bbSoluciones integrales\u00bb font_container=\u00bbtag:h2|text_align:left|color:%23000000|line_height:1&#8243; google_fonts=\u00bbfont_family:Oswald%3A300%2Cregular%2C700|font_style:300%20light%20regular%3A300%3Anormal\u00bb][vc_separator color=\u00bbcustom\u00bb align=\u00bbalign_left\u00bb border_width=\u00bb4&#8243; el_width=\u00bb10&#8243; accent_color=\u00bb#dd3333&#8243; css=\u00bb.vc_custom_1600258296400{margin-bottom: 40px !important;}\u00bb][vc_column_text]La creciente demanda de integraci\u00f3n de sistemas electr\u00f3nicos de iluminaci\u00f3n&hellip;<\/p>\n","protected":false},"author":1,"featured_media":0,"parent":15152,"menu_order":0,"comment_status":"closed","ping_status":"closed","template":"","meta":[],"class_list":["post-15582","page","type-page","status-publish","hentry","description-off"],"yoast_head":"<!-- This site is optimized with the Yoast SEO plugin v27.4 - https:\/\/yoast.com\/product\/yoast-seo-wordpress\/ -->\n<title>Ensayos de Laboratorio - Rinder<\/title>\n<meta name=\"robots\" content=\"index, follow, max-snippet:-1, max-image-preview:large, max-video-preview:-1\" \/>\n<link rel=\"canonical\" href=\"https:\/\/rinder.com\/es\/servicios\/ensayos-de-laboratorio\/\" \/>\n<meta property=\"og:locale\" content=\"es_ES\" \/>\n<meta property=\"og:type\" content=\"article\" \/>\n<meta property=\"og:title\" content=\"Ensayos de Laboratorio - Rinder\" \/>\n<meta property=\"og:description\" content=\"[vc_row full_width=\u00bbstretch_row\u00bb css=\u00bb.vc_custom_1600068377829{margin-top: -70px !important;padding-top: 0px !important;}\u00bb][vc_column][vc_row_inner][vc_column_inner width=\u00bb1\/2&#8243;][vc_custom_heading text=\u00bbNuestros servicios\u00bb font_container=\u00bbtag:h2|font_size:20|text_align:left|color:%23ffffff\u00bb google_fonts=\u00bbfont_family:Oswald%3A300%2Cregular%2C700|font_style:300%20light%20regular%3A300%3Anormal\u00bb css=\u00bb.vc_custom_1600264263881{margin-top: 20px !important;margin-bottom: 20px !important;padding-right: 10px !important;padding-left: 10px !important;background-color: #e6321b !important;border-radius: 4px !important;}\u00bb el_class=\u00bbwmitad\u00bb][vc_custom_heading text=\u00bbEnsayos de laboratorio\u00bb font_container=\u00bbtag:h2|font_size:55|text_align:left|color:%23000000|line_height:1&#8243; google_fonts=\u00bbfont_family:Oswald%3A300%2Cregular%2C700|font_style:400%20regular%3A400%3Anormal\u00bb css=\u00bb.vc_custom_1592230975634{margin-top: -10px !important;}\u00bb][vc_custom_heading text=\u00bbSoluciones integrales\u00bb font_container=\u00bbtag:h2|text_align:left|color:%23000000|line_height:1&#8243; google_fonts=\u00bbfont_family:Oswald%3A300%2Cregular%2C700|font_style:300%20light%20regular%3A300%3Anormal\u00bb][vc_separator color=\u00bbcustom\u00bb align=\u00bbalign_left\u00bb border_width=\u00bb4&#8243; el_width=\u00bb10&#8243; accent_color=\u00bb#dd3333&#8243; css=\u00bb.vc_custom_1600258296400{margin-bottom: 40px !important;}\u00bb][vc_column_text]La creciente demanda de integraci\u00f3n de sistemas electr\u00f3nicos de iluminaci\u00f3n&hellip;\" \/>\n<meta property=\"og:url\" content=\"https:\/\/rinder.com\/es\/servicios\/ensayos-de-laboratorio\/\" \/>\n<meta property=\"og:site_name\" content=\"Rinder\" \/>\n<meta property=\"article:modified_time\" content=\"2020-10-13T08:23:32+00:00\" \/>\n<meta name=\"twitter:card\" content=\"summary_large_image\" \/>\n<meta name=\"twitter:label1\" content=\"Tiempo de lectura\" \/>\n\t<meta name=\"twitter:data1\" content=\"7 minutos\" \/>\n<script type=\"application\/ld+json\" class=\"yoast-schema-graph\">{\"@context\":\"https:\\\/\\\/schema.org\",\"@graph\":[{\"@type\":\"WebPage\",\"@id\":\"https:\\\/\\\/rinder.com\\\/es\\\/servicios\\\/ensayos-de-laboratorio\\\/\",\"url\":\"https:\\\/\\\/rinder.com\\\/es\\\/servicios\\\/ensayos-de-laboratorio\\\/\",\"name\":\"Ensayos de Laboratorio - Rinder\",\"isPartOf\":{\"@id\":\"https:\\\/\\\/rinder.com\\\/es\\\/#website\"},\"datePublished\":\"2020-06-15T14:26:43+00:00\",\"dateModified\":\"2020-10-13T08:23:32+00:00\",\"breadcrumb\":{\"@id\":\"https:\\\/\\\/rinder.com\\\/es\\\/servicios\\\/ensayos-de-laboratorio\\\/#breadcrumb\"},\"inLanguage\":\"es\",\"potentialAction\":[{\"@type\":\"ReadAction\",\"target\":[\"https:\\\/\\\/rinder.com\\\/es\\\/servicios\\\/ensayos-de-laboratorio\\\/\"]}]},{\"@type\":\"BreadcrumbList\",\"@id\":\"https:\\\/\\\/rinder.com\\\/es\\\/servicios\\\/ensayos-de-laboratorio\\\/#breadcrumb\",\"itemListElement\":[{\"@type\":\"ListItem\",\"position\":1,\"name\":\"Home\",\"item\":\"https:\\\/\\\/rinder.com\\\/es\\\/\"},{\"@type\":\"ListItem\",\"position\":2,\"name\":\"Servicios\",\"item\":\"https:\\\/\\\/rinder.com\\\/es\\\/servicios\\\/\"},{\"@type\":\"ListItem\",\"position\":3,\"name\":\"Ensayos de Laboratorio\"}]},{\"@type\":\"WebSite\",\"@id\":\"https:\\\/\\\/rinder.com\\\/es\\\/#website\",\"url\":\"https:\\\/\\\/rinder.com\\\/es\\\/\",\"name\":\"Rinder\",\"description\":\"Dise\u00f1o y fabricaci\u00f3n de componentes de iluminaci\u00f3n para automoci\u00f3n\",\"potentialAction\":[{\"@type\":\"SearchAction\",\"target\":{\"@type\":\"EntryPoint\",\"urlTemplate\":\"https:\\\/\\\/rinder.com\\\/es\\\/?s={search_term_string}\"},\"query-input\":{\"@type\":\"PropertyValueSpecification\",\"valueRequired\":true,\"valueName\":\"search_term_string\"}}],\"inLanguage\":\"es\"}]}<\/script>\n<!-- \/ Yoast SEO plugin. -->","yoast_head_json":{"title":"Ensayos de Laboratorio - Rinder","robots":{"index":"index","follow":"follow","max-snippet":"max-snippet:-1","max-image-preview":"max-image-preview:large","max-video-preview":"max-video-preview:-1"},"canonical":"https:\/\/rinder.com\/es\/servicios\/ensayos-de-laboratorio\/","og_locale":"es_ES","og_type":"article","og_title":"Ensayos de Laboratorio - Rinder","og_description":"[vc_row full_width=\u00bbstretch_row\u00bb css=\u00bb.vc_custom_1600068377829{margin-top: -70px !important;padding-top: 0px !important;}\u00bb][vc_column][vc_row_inner][vc_column_inner width=\u00bb1\/2&#8243;][vc_custom_heading text=\u00bbNuestros servicios\u00bb font_container=\u00bbtag:h2|font_size:20|text_align:left|color:%23ffffff\u00bb google_fonts=\u00bbfont_family:Oswald%3A300%2Cregular%2C700|font_style:300%20light%20regular%3A300%3Anormal\u00bb css=\u00bb.vc_custom_1600264263881{margin-top: 20px !important;margin-bottom: 20px !important;padding-right: 10px !important;padding-left: 10px !important;background-color: #e6321b !important;border-radius: 4px !important;}\u00bb el_class=\u00bbwmitad\u00bb][vc_custom_heading text=\u00bbEnsayos de laboratorio\u00bb font_container=\u00bbtag:h2|font_size:55|text_align:left|color:%23000000|line_height:1&#8243; google_fonts=\u00bbfont_family:Oswald%3A300%2Cregular%2C700|font_style:400%20regular%3A400%3Anormal\u00bb css=\u00bb.vc_custom_1592230975634{margin-top: -10px !important;}\u00bb][vc_custom_heading text=\u00bbSoluciones integrales\u00bb font_container=\u00bbtag:h2|text_align:left|color:%23000000|line_height:1&#8243; google_fonts=\u00bbfont_family:Oswald%3A300%2Cregular%2C700|font_style:300%20light%20regular%3A300%3Anormal\u00bb][vc_separator color=\u00bbcustom\u00bb align=\u00bbalign_left\u00bb border_width=\u00bb4&#8243; el_width=\u00bb10&#8243; accent_color=\u00bb#dd3333&#8243; css=\u00bb.vc_custom_1600258296400{margin-bottom: 40px !important;}\u00bb][vc_column_text]La creciente demanda de integraci\u00f3n de sistemas electr\u00f3nicos de iluminaci\u00f3n&hellip;","og_url":"https:\/\/rinder.com\/es\/servicios\/ensayos-de-laboratorio\/","og_site_name":"Rinder","article_modified_time":"2020-10-13T08:23:32+00:00","twitter_card":"summary_large_image","twitter_misc":{"Tiempo de lectura":"7 minutos"},"schema":{"@context":"https:\/\/schema.org","@graph":[{"@type":"WebPage","@id":"https:\/\/rinder.com\/es\/servicios\/ensayos-de-laboratorio\/","url":"https:\/\/rinder.com\/es\/servicios\/ensayos-de-laboratorio\/","name":"Ensayos de Laboratorio - Rinder","isPartOf":{"@id":"https:\/\/rinder.com\/es\/#website"},"datePublished":"2020-06-15T14:26:43+00:00","dateModified":"2020-10-13T08:23:32+00:00","breadcrumb":{"@id":"https:\/\/rinder.com\/es\/servicios\/ensayos-de-laboratorio\/#breadcrumb"},"inLanguage":"es","potentialAction":[{"@type":"ReadAction","target":["https:\/\/rinder.com\/es\/servicios\/ensayos-de-laboratorio\/"]}]},{"@type":"BreadcrumbList","@id":"https:\/\/rinder.com\/es\/servicios\/ensayos-de-laboratorio\/#breadcrumb","itemListElement":[{"@type":"ListItem","position":1,"name":"Home","item":"https:\/\/rinder.com\/es\/"},{"@type":"ListItem","position":2,"name":"Servicios","item":"https:\/\/rinder.com\/es\/servicios\/"},{"@type":"ListItem","position":3,"name":"Ensayos de Laboratorio"}]},{"@type":"WebSite","@id":"https:\/\/rinder.com\/es\/#website","url":"https:\/\/rinder.com\/es\/","name":"Rinder","description":"Dise\u00f1o y fabricaci\u00f3n de componentes de iluminaci\u00f3n para automoci\u00f3n","potentialAction":[{"@type":"SearchAction","target":{"@type":"EntryPoint","urlTemplate":"https:\/\/rinder.com\/es\/?s={search_term_string}"},"query-input":{"@type":"PropertyValueSpecification","valueRequired":true,"valueName":"search_term_string"}}],"inLanguage":"es"}]}},"_links":{"self":[{"href":"https:\/\/rinder.com\/es\/wp-json\/wp\/v2\/pages\/15582","targetHints":{"allow":["GET"]}}],"collection":[{"href":"https:\/\/rinder.com\/es\/wp-json\/wp\/v2\/pages"}],"about":[{"href":"https:\/\/rinder.com\/es\/wp-json\/wp\/v2\/types\/page"}],"author":[{"embeddable":true,"href":"https:\/\/rinder.com\/es\/wp-json\/wp\/v2\/users\/1"}],"replies":[{"embeddable":true,"href":"https:\/\/rinder.com\/es\/wp-json\/wp\/v2\/comments?post=15582"}],"version-history":[{"count":0,"href":"https:\/\/rinder.com\/es\/wp-json\/wp\/v2\/pages\/15582\/revisions"}],"up":[{"embeddable":true,"href":"https:\/\/rinder.com\/es\/wp-json\/wp\/v2\/pages\/15152"}],"wp:attachment":[{"href":"https:\/\/rinder.com\/es\/wp-json\/wp\/v2\/media?parent=15582"}],"curies":[{"name":"wp","href":"https:\/\/api.w.org\/{rel}","templated":true}]}}