{"id":15569,"date":"2020-06-15T13:25:06","date_gmt":"2020-06-15T13:25:06","guid":{"rendered":"https:\/\/desarrolloweb.cistec.es\/rinder\/?page_id=15569"},"modified":"2020-10-23T12:50:24","modified_gmt":"2020-10-23T12:50:24","slug":"diseno-optico","status":"publish","type":"page","link":"https:\/\/rinder.com\/es\/servicios\/diseno-optico\/","title":{"rendered":"Dise\u00f1o \u00d3ptico"},"content":{"rendered":"<p>[vc_row css=\u00bb.vc_custom_1603455571467{margin-top: -70px !important;margin-bottom: 0px !important;padding-top: 70px !important;}\u00bb][vc_column][vc_row_inner equal_height=\u00bbyes\u00bb content_placement=\u00bbmiddle\u00bb][vc_column_inner width=\u00bb1\/2&#8243; css=\u00bb.vc_custom_1603455615855{padding-bottom: 50px !important;}\u00bb][vc_custom_heading text=\u00bbNuestros servicios\u00bb font_container=\u00bbtag:h2|font_size:20|text_align:left|color:%23ffffff\u00bb google_fonts=\u00bbfont_family:Oswald%3A300%2Cregular%2C700|font_style:300%20light%20regular%3A300%3Anormal\u00bb css=\u00bb.vc_custom_1603457418062{margin-top: 20px !important;margin-bottom: 20px !important;padding-right: 10px !important;padding-left: 10px !important;background-color: #e6321b !important;border-radius: 4px !important;}\u00bb el_class=\u00bbwmitad\u00bb][vc_custom_heading text=\u00bbDise\u00f1o \u00d3ptico\u00bb font_container=\u00bbtag:h2|font_size:55|text_align:left|color:%23000000|line_height:1&#8243; google_fonts=\u00bbfont_family:Oswald%3A300%2Cregular%2C700|font_style:400%20regular%3A400%3Anormal\u00bb css=\u00bb.vc_custom_1592227538530{margin-top: -10px !important;}\u00bb][vc_custom_heading text=\u00bbSoluciones integrales\u00bb font_container=\u00bbtag:h2|text_align:left|color:%23000000|line_height:1&#8243; google_fonts=\u00bbfont_family:Oswald%3A300%2Cregular%2C700|font_style:300%20light%20regular%3A300%3Anormal\u00bb][vc_separator color=\u00bbcustom\u00bb align=\u00bbalign_left\u00bb border_width=\u00bb4&#8243; el_width=\u00bb10&#8243; accent_color=\u00bb#dd3333&#8243; css=\u00bb.vc_custom_1600262753456{margin-bottom: 20px !important;}\u00bb][vc_empty_space][vc_column_text]Nuestro departamento \u00f3ptico dise\u00f1a y desarrolla los m\u00e1s avanzados sistemas de iluminaci\u00f3n consiguiendo sistemas adaptados y de alto rendimiento lum\u00ednico.<\/p>\n<p>Disponemos de un equipo multidisciplinar orientado al desarrollo, dise\u00f1o, prototipado, montaje y validaci\u00f3n de los sistemas \u00f3pticos, orientado y adaptado a\u00a0 los requerimientos de nuestros clientes.<\/p>\n<p>Nuestro catalogo de desarrollos abarcan desde el uso de l\u00e1mparas incandescentes\u00a0 <strong>H7, HS1, P21W,<\/strong> etc., pasando por sistemas de <em><strong>LEDs<\/strong> monochip y multichip<\/em>, hasta <strong>sistemas laser.<\/strong><\/p>\n<p>Como<strong> proveedores TIER1,<\/strong> desarrollamos sistemas \u00f3pticos para faros, pilotos, intermitentes, DRLs y luces adicionales con m\u00faltiples sistemas \u00f3pticos como reflectores, proyectores elipsoidales, gu\u00edas \u00f3pticas, fresnels, colimadores, micro-\u00f3pticas, lentes secuenciales, lentes de superficie free-form, etc.[\/vc_column_text][\/vc_column_inner][vc_column_inner el_class=\u00bbimagencabecera3&#8243; width=\u00bb1\/2&#8243; css=\u00bb.vc_custom_1600263527159{margin-right: 0px !important;margin-left: 0px !important;border-right-width: 0px !important;border-left-width: 0px !important;padding-right: 0px !important;padding-left: 0px !important;background-position: 0 0 !important;background-repeat: no-repeat !important;}\u00bb][vc_single_image image=\u00bb17418&#8243; img_size=\u00bblarge\u00bb alignment=\u00bbright\u00bb][\/vc_column_inner][\/vc_row_inner][\/vc_column][\/vc_row][vc_row full_width=\u00bbstretch_row\u00bb content_placement=\u00bbmiddle\u00bb css_animation=\u00bbnone\u00bb css=\u00bb.vc_custom_1602055090530{margin-bottom: 50px !important;padding-top: 50px !important;padding-bottom: 50px !important;background-color: #cc1b1d !important;}\u00bb][vc_column css_animation=\u00bbnone\u00bb width=\u00bb1\/4&#8243;][vc_column_text css=\u00bb.vc_custom_1601987466293{margin-top: 10px !important;margin-right: 10px !important;margin-bottom: 10px !important;margin-left: 10px !important;border-top-width: 1px !important;border-right-width: 1px !important;border-bottom-width: 1px !important;border-left-width: 1px !important;padding-top: 20px !important;padding-right: 20px !important;padding-bottom: 20px !important;padding-left: 20px !important;background-color: #cc1b1d !important;}\u00bb el_class=\u00bbtexto-blanco\u00bb]<strong>El uso experimentado<\/strong> de todas estas herramientas \u00f3pticas nos permite solucionar con \u00e9xito los problemas y exigencias de dise\u00f1o que nos plantean nuestros clientes, consiguiendo sistemas compactos y de gran rendimiento.<\/p>\n<p>&nbsp;<\/p>\n<p><strong>Trabajamos con los paquetes de software de m\u00e1s alto nivel<\/strong> como <em>Optis SPEOS, Lucidshape CAAV5, CODE V<\/em> y herramientas de desarrollo propio que nos permiten un r\u00e1pido desarrollo y simulaci\u00f3n \u00f3ptima de los sistemas \u00f3pticos seg\u00fan las peticiones de nuestros clientes bajo las normativas reguladoras internacionales <em><strong>ECE, SAE, FMVSS, AIS, GB, JIS, etc.<\/strong><\/em>[\/vc_column_text][\/vc_column][vc_column width=\u00bb2\/4&#8243;][vc_single_image image=\u00bb15975&#8243; img_size=\u00bblarge\u00bb css_animation=\u00bbzoomIn\u00bb][\/vc_column][vc_column width=\u00bb1\/4&#8243;][vc_column_text css=\u00bb.vc_custom_1600258040257{margin-top: 10px !important;margin-right: 10px !important;margin-bottom: 10px !important;margin-left: 10px !important;border-top-width: 1px !important;border-right-width: 1px !important;border-bottom-width: 1px !important;border-left-width: 1px !important;padding-top: 20px !important;padding-right: 20px !important;padding-bottom: 20px !important;padding-left: 20px !important;background-color: #cc1b1d !important;}\u00bb el_class=\u00bbtexto-blanco\u00bb]<strong>Nuestros sistemas de trazado de rayos<\/strong> nos ofrecen, mediante el proceso de renderizado fotoreal\u00edstico, un an\u00e1lisis virtual y predictivo del comportamiento de la luz y su visualizaci\u00f3n real previo al producto f\u00edsico. Esto nos permite acortar los plazos de desarrollo eliminando la necesidad, en muchos casos, del proceso de prototipado para la validaci\u00f3n \u00f3ptica.[\/vc_column_text][\/vc_column][\/vc_row][vc_row equal_height=\u00bbyes\u00bb content_placement=\u00bbmiddle\u00bb css=\u00bb.vc_custom_1600068045184{margin-bottom: 0px !important;}\u00bb][vc_column width=\u00bb1\/3&#8243;][vc_row_inner css=\u00bb.vc_custom_1600067927448{margin-bottom: 50px !important;padding-top: 20px !important;padding-right: 20px !important;padding-bottom: 20px !important;padding-left: 20px !important;}\u00bb][vc_column_inner][vc_column_text]<\/p>\n<p style=\"text-align: center;\">Dentro de <em>nuestro laboratorio<\/em> de medici\u00f3n y validaci\u00f3n \u00f3ptica, poseemos un <em><strong>tunel oscuro de 25m<\/strong><\/em>, donde mediante diversos sensores lum\u00ednicos, procedemos a la medici\u00f3n y verificaci\u00f3n de nuestros productos, bien en la fase de prototipos, primeras muestras o conformidad de producci\u00f3n.<\/p>\n<p>[\/vc_column_text][vc_single_image image=\u00bb15619&#8243; img_size=\u00bbfull\u00bb alignment=\u00bbcenter\u00bb][\/vc_column_inner][\/vc_row_inner][\/vc_column][vc_column width=\u00bb2\/3&#8243;][vc_single_image image=\u00bb15791&#8243; img_size=\u00bblarge\u00bb onclick=\u00bbzoom\u00bb css_animation=\u00bbslideInRight\u00bb][\/vc_column][\/vc_row][vc_row full_width=\u00bbstretch_row\u00bb equal_height=\u00bbyes\u00bb content_placement=\u00bbmiddle\u00bb css=\u00bb.vc_custom_1600068081043{margin-top: 50px !important;margin-bottom: 0px !important;padding-top: 40px !important;padding-bottom: 40px !important;background-color: #cc1b1d !important;}\u00bb][vc_column width=\u00bb1\/2&#8243;][vc_single_image image=\u00bb15442&#8243; img_size=\u00bblarge\u00bb css_animation=\u00bbfadeIn\u00bb el_class=\u00bbbordefino\u00bb][\/vc_column][vc_column width=\u00bb1\/2&#8243;][vc_column_text el_class=\u00bbtexto-blanco\u00bb]Por medio de nuestro <strong>goniofotometro LMT GO-H1400<\/strong> podemos realizar la verificaci\u00f3n optica de diversas funciones de un producto en una misma medici\u00f3n.<\/p>\n<p>Finalmente, gestionamos los procedimientos, con diferentes laboratorios externos internacionales, para la obtenci\u00f3n de los documentos de homologaci\u00f3n requeridos seg\u00fan el destino de mercado del producto.[\/vc_column_text][\/vc_column][\/vc_row]<\/p>\n","protected":false},"excerpt":{"rendered":"<p>[vc_row css=\u00bb.vc_custom_1603455571467{margin-top: -70px !important;margin-bottom: 0px !important;padding-top: 70px !important;}\u00bb][vc_column][vc_row_inner equal_height=\u00bbyes\u00bb content_placement=\u00bbmiddle\u00bb][vc_column_inner width=\u00bb1\/2&#8243; css=\u00bb.vc_custom_1603455615855{padding-bottom: 50px !important;}\u00bb][vc_custom_heading text=\u00bbNuestros servicios\u00bb font_container=\u00bbtag:h2|font_size:20|text_align:left|color:%23ffffff\u00bb google_fonts=\u00bbfont_family:Oswald%3A300%2Cregular%2C700|font_style:300%20light%20regular%3A300%3Anormal\u00bb css=\u00bb.vc_custom_1603457418062{margin-top: 20px !important;margin-bottom: 20px !important;padding-right: 10px !important;padding-left: 10px !important;background-color: #e6321b !important;border-radius: 4px !important;}\u00bb el_class=\u00bbwmitad\u00bb][vc_custom_heading text=\u00bbDise\u00f1o \u00d3ptico\u00bb font_container=\u00bbtag:h2|font_size:55|text_align:left|color:%23000000|line_height:1&#8243; google_fonts=\u00bbfont_family:Oswald%3A300%2Cregular%2C700|font_style:400%20regular%3A400%3Anormal\u00bb css=\u00bb.vc_custom_1592227538530{margin-top: -10px !important;}\u00bb][vc_custom_heading text=\u00bbSoluciones integrales\u00bb font_container=\u00bbtag:h2|text_align:left|color:%23000000|line_height:1&#8243; google_fonts=\u00bbfont_family:Oswald%3A300%2Cregular%2C700|font_style:300%20light%20regular%3A300%3Anormal\u00bb][vc_separator color=\u00bbcustom\u00bb align=\u00bbalign_left\u00bb border_width=\u00bb4&#8243; el_width=\u00bb10&#8243; accent_color=\u00bb#dd3333&#8243; css=\u00bb.vc_custom_1600262753456{margin-bottom: 20px !important;}\u00bb][vc_empty_space][vc_column_text]Nuestro departamento \u00f3ptico dise\u00f1a y&hellip;<\/p>\n","protected":false},"author":1,"featured_media":0,"parent":15152,"menu_order":0,"comment_status":"closed","ping_status":"closed","template":"","meta":[],"class_list":["post-15569","page","type-page","status-publish","hentry","description-off"],"yoast_head":"<!-- This site is optimized with the Yoast SEO plugin v27.4 - https:\/\/yoast.com\/product\/yoast-seo-wordpress\/ -->\n<title>Dise\u00f1o \u00d3ptico - Rinder<\/title>\n<meta name=\"robots\" content=\"index, follow, max-snippet:-1, max-image-preview:large, max-video-preview:-1\" \/>\n<link rel=\"canonical\" href=\"https:\/\/rinder.com\/es\/servicios\/diseno-optico\/\" \/>\n<meta property=\"og:locale\" content=\"es_ES\" \/>\n<meta property=\"og:type\" content=\"article\" \/>\n<meta property=\"og:title\" content=\"Dise\u00f1o \u00d3ptico - Rinder\" \/>\n<meta property=\"og:description\" content=\"[vc_row css=\u00bb.vc_custom_1603455571467{margin-top: -70px !important;margin-bottom: 0px !important;padding-top: 70px !important;}\u00bb][vc_column][vc_row_inner equal_height=\u00bbyes\u00bb content_placement=\u00bbmiddle\u00bb][vc_column_inner width=\u00bb1\/2&#8243; css=\u00bb.vc_custom_1603455615855{padding-bottom: 50px !important;}\u00bb][vc_custom_heading text=\u00bbNuestros servicios\u00bb font_container=\u00bbtag:h2|font_size:20|text_align:left|color:%23ffffff\u00bb google_fonts=\u00bbfont_family:Oswald%3A300%2Cregular%2C700|font_style:300%20light%20regular%3A300%3Anormal\u00bb css=\u00bb.vc_custom_1603457418062{margin-top: 20px !important;margin-bottom: 20px !important;padding-right: 10px !important;padding-left: 10px !important;background-color: #e6321b !important;border-radius: 4px !important;}\u00bb el_class=\u00bbwmitad\u00bb][vc_custom_heading text=\u00bbDise\u00f1o \u00d3ptico\u00bb font_container=\u00bbtag:h2|font_size:55|text_align:left|color:%23000000|line_height:1&#8243; google_fonts=\u00bbfont_family:Oswald%3A300%2Cregular%2C700|font_style:400%20regular%3A400%3Anormal\u00bb css=\u00bb.vc_custom_1592227538530{margin-top: -10px !important;}\u00bb][vc_custom_heading text=\u00bbSoluciones integrales\u00bb font_container=\u00bbtag:h2|text_align:left|color:%23000000|line_height:1&#8243; google_fonts=\u00bbfont_family:Oswald%3A300%2Cregular%2C700|font_style:300%20light%20regular%3A300%3Anormal\u00bb][vc_separator color=\u00bbcustom\u00bb align=\u00bbalign_left\u00bb border_width=\u00bb4&#8243; el_width=\u00bb10&#8243; accent_color=\u00bb#dd3333&#8243; css=\u00bb.vc_custom_1600262753456{margin-bottom: 20px !important;}\u00bb][vc_empty_space][vc_column_text]Nuestro departamento \u00f3ptico dise\u00f1a y&hellip;\" \/>\n<meta property=\"og:url\" content=\"https:\/\/rinder.com\/es\/servicios\/diseno-optico\/\" \/>\n<meta property=\"og:site_name\" content=\"Rinder\" \/>\n<meta property=\"article:modified_time\" content=\"2020-10-23T12:50:24+00:00\" \/>\n<meta name=\"twitter:card\" content=\"summary_large_image\" \/>\n<meta name=\"twitter:label1\" content=\"Tiempo de lectura\" \/>\n\t<meta name=\"twitter:data1\" content=\"5 minutos\" \/>\n<script type=\"application\/ld+json\" class=\"yoast-schema-graph\">{\"@context\":\"https:\\\/\\\/schema.org\",\"@graph\":[{\"@type\":\"WebPage\",\"@id\":\"https:\\\/\\\/rinder.com\\\/es\\\/servicios\\\/diseno-optico\\\/\",\"url\":\"https:\\\/\\\/rinder.com\\\/es\\\/servicios\\\/diseno-optico\\\/\",\"name\":\"Dise\u00f1o \u00d3ptico - Rinder\",\"isPartOf\":{\"@id\":\"https:\\\/\\\/rinder.com\\\/es\\\/#website\"},\"datePublished\":\"2020-06-15T13:25:06+00:00\",\"dateModified\":\"2020-10-23T12:50:24+00:00\",\"breadcrumb\":{\"@id\":\"https:\\\/\\\/rinder.com\\\/es\\\/servicios\\\/diseno-optico\\\/#breadcrumb\"},\"inLanguage\":\"es\",\"potentialAction\":[{\"@type\":\"ReadAction\",\"target\":[\"https:\\\/\\\/rinder.com\\\/es\\\/servicios\\\/diseno-optico\\\/\"]}]},{\"@type\":\"BreadcrumbList\",\"@id\":\"https:\\\/\\\/rinder.com\\\/es\\\/servicios\\\/diseno-optico\\\/#breadcrumb\",\"itemListElement\":[{\"@type\":\"ListItem\",\"position\":1,\"name\":\"Home\",\"item\":\"https:\\\/\\\/rinder.com\\\/es\\\/\"},{\"@type\":\"ListItem\",\"position\":2,\"name\":\"Servicios\",\"item\":\"https:\\\/\\\/rinder.com\\\/es\\\/servicios\\\/\"},{\"@type\":\"ListItem\",\"position\":3,\"name\":\"Dise\u00f1o \u00d3ptico\"}]},{\"@type\":\"WebSite\",\"@id\":\"https:\\\/\\\/rinder.com\\\/es\\\/#website\",\"url\":\"https:\\\/\\\/rinder.com\\\/es\\\/\",\"name\":\"Rinder\",\"description\":\"Dise\u00f1o y fabricaci\u00f3n de componentes de iluminaci\u00f3n para automoci\u00f3n\",\"potentialAction\":[{\"@type\":\"SearchAction\",\"target\":{\"@type\":\"EntryPoint\",\"urlTemplate\":\"https:\\\/\\\/rinder.com\\\/es\\\/?s={search_term_string}\"},\"query-input\":{\"@type\":\"PropertyValueSpecification\",\"valueRequired\":true,\"valueName\":\"search_term_string\"}}],\"inLanguage\":\"es\"}]}<\/script>\n<!-- \/ Yoast SEO plugin. -->","yoast_head_json":{"title":"Dise\u00f1o \u00d3ptico - Rinder","robots":{"index":"index","follow":"follow","max-snippet":"max-snippet:-1","max-image-preview":"max-image-preview:large","max-video-preview":"max-video-preview:-1"},"canonical":"https:\/\/rinder.com\/es\/servicios\/diseno-optico\/","og_locale":"es_ES","og_type":"article","og_title":"Dise\u00f1o \u00d3ptico - Rinder","og_description":"[vc_row css=\u00bb.vc_custom_1603455571467{margin-top: -70px !important;margin-bottom: 0px !important;padding-top: 70px !important;}\u00bb][vc_column][vc_row_inner equal_height=\u00bbyes\u00bb content_placement=\u00bbmiddle\u00bb][vc_column_inner width=\u00bb1\/2&#8243; css=\u00bb.vc_custom_1603455615855{padding-bottom: 50px !important;}\u00bb][vc_custom_heading text=\u00bbNuestros servicios\u00bb font_container=\u00bbtag:h2|font_size:20|text_align:left|color:%23ffffff\u00bb google_fonts=\u00bbfont_family:Oswald%3A300%2Cregular%2C700|font_style:300%20light%20regular%3A300%3Anormal\u00bb css=\u00bb.vc_custom_1603457418062{margin-top: 20px !important;margin-bottom: 20px !important;padding-right: 10px !important;padding-left: 10px !important;background-color: #e6321b !important;border-radius: 4px !important;}\u00bb el_class=\u00bbwmitad\u00bb][vc_custom_heading text=\u00bbDise\u00f1o \u00d3ptico\u00bb font_container=\u00bbtag:h2|font_size:55|text_align:left|color:%23000000|line_height:1&#8243; google_fonts=\u00bbfont_family:Oswald%3A300%2Cregular%2C700|font_style:400%20regular%3A400%3Anormal\u00bb css=\u00bb.vc_custom_1592227538530{margin-top: -10px !important;}\u00bb][vc_custom_heading text=\u00bbSoluciones integrales\u00bb font_container=\u00bbtag:h2|text_align:left|color:%23000000|line_height:1&#8243; google_fonts=\u00bbfont_family:Oswald%3A300%2Cregular%2C700|font_style:300%20light%20regular%3A300%3Anormal\u00bb][vc_separator color=\u00bbcustom\u00bb align=\u00bbalign_left\u00bb border_width=\u00bb4&#8243; el_width=\u00bb10&#8243; accent_color=\u00bb#dd3333&#8243; css=\u00bb.vc_custom_1600262753456{margin-bottom: 20px !important;}\u00bb][vc_empty_space][vc_column_text]Nuestro departamento \u00f3ptico dise\u00f1a y&hellip;","og_url":"https:\/\/rinder.com\/es\/servicios\/diseno-optico\/","og_site_name":"Rinder","article_modified_time":"2020-10-23T12:50:24+00:00","twitter_card":"summary_large_image","twitter_misc":{"Tiempo de lectura":"5 minutos"},"schema":{"@context":"https:\/\/schema.org","@graph":[{"@type":"WebPage","@id":"https:\/\/rinder.com\/es\/servicios\/diseno-optico\/","url":"https:\/\/rinder.com\/es\/servicios\/diseno-optico\/","name":"Dise\u00f1o \u00d3ptico - Rinder","isPartOf":{"@id":"https:\/\/rinder.com\/es\/#website"},"datePublished":"2020-06-15T13:25:06+00:00","dateModified":"2020-10-23T12:50:24+00:00","breadcrumb":{"@id":"https:\/\/rinder.com\/es\/servicios\/diseno-optico\/#breadcrumb"},"inLanguage":"es","potentialAction":[{"@type":"ReadAction","target":["https:\/\/rinder.com\/es\/servicios\/diseno-optico\/"]}]},{"@type":"BreadcrumbList","@id":"https:\/\/rinder.com\/es\/servicios\/diseno-optico\/#breadcrumb","itemListElement":[{"@type":"ListItem","position":1,"name":"Home","item":"https:\/\/rinder.com\/es\/"},{"@type":"ListItem","position":2,"name":"Servicios","item":"https:\/\/rinder.com\/es\/servicios\/"},{"@type":"ListItem","position":3,"name":"Dise\u00f1o \u00d3ptico"}]},{"@type":"WebSite","@id":"https:\/\/rinder.com\/es\/#website","url":"https:\/\/rinder.com\/es\/","name":"Rinder","description":"Dise\u00f1o y fabricaci\u00f3n de componentes de iluminaci\u00f3n para automoci\u00f3n","potentialAction":[{"@type":"SearchAction","target":{"@type":"EntryPoint","urlTemplate":"https:\/\/rinder.com\/es\/?s={search_term_string}"},"query-input":{"@type":"PropertyValueSpecification","valueRequired":true,"valueName":"search_term_string"}}],"inLanguage":"es"}]}},"_links":{"self":[{"href":"https:\/\/rinder.com\/es\/wp-json\/wp\/v2\/pages\/15569","targetHints":{"allow":["GET"]}}],"collection":[{"href":"https:\/\/rinder.com\/es\/wp-json\/wp\/v2\/pages"}],"about":[{"href":"https:\/\/rinder.com\/es\/wp-json\/wp\/v2\/types\/page"}],"author":[{"embeddable":true,"href":"https:\/\/rinder.com\/es\/wp-json\/wp\/v2\/users\/1"}],"replies":[{"embeddable":true,"href":"https:\/\/rinder.com\/es\/wp-json\/wp\/v2\/comments?post=15569"}],"version-history":[{"count":0,"href":"https:\/\/rinder.com\/es\/wp-json\/wp\/v2\/pages\/15569\/revisions"}],"up":[{"embeddable":true,"href":"https:\/\/rinder.com\/es\/wp-json\/wp\/v2\/pages\/15152"}],"wp:attachment":[{"href":"https:\/\/rinder.com\/es\/wp-json\/wp\/v2\/media?parent=15569"}],"curies":[{"name":"wp","href":"https:\/\/api.w.org\/{rel}","templated":true}]}}