{"id":15532,"date":"2020-06-15T11:22:13","date_gmt":"2020-06-15T11:22:13","guid":{"rendered":"https:\/\/desarrolloweb.cistec.es\/rinder\/?page_id=15532"},"modified":"2020-10-08T11:02:57","modified_gmt":"2020-10-08T11:02:57","slug":"estudio-de-factibilidad","status":"publish","type":"page","link":"https:\/\/rinder.com\/es\/servicios\/estudio-de-factibilidad\/","title":{"rendered":"Estudio de Factibilidad"},"content":{"rendered":"<p>[vc_row full_width=\u00bbstretch_row\u00bb bg_type=\u00bbimage\u00bb parallax_style=\u00bbvcpb-default\u00bb bg_image_new=\u00bbid^16101|url^http:\/\/rinder.com\/wp-content\/uploads\/2020\/09\/fondo-factivilidad.png|caption^null|alt^null|title^fondo-factivilidad|description^null\u00bb bg_image_repeat=\u00bbno-repeat\u00bb bg_image_size=\u00bbinitial\u00bb bg_image_posiiton=\u00bbright\u00bb css=\u00bb.vc_custom_1600066148262{margin-top: -70px !important;padding-top: 70px !important;}\u00bb][vc_column][vc_row_inner equal_height=\u00bbyes\u00bb][vc_column_inner width=\u00bb1\/2&#8243; css=\u00bb.vc_custom_1592221774548{padding-top: 70px !important;}\u00bb][vc_custom_heading text=\u00bbNuestros servicios\u00bb font_container=\u00bbtag:h2|font_size:20|text_align:left|color:%23ffffff\u00bb google_fonts=\u00bbfont_family:Oswald%3A300%2Cregular%2C700|font_style:300%20light%20regular%3A300%3Anormal\u00bb css=\u00bb.vc_custom_1600066311045{margin-top: 20px !important;margin-bottom: 20px !important;padding-left: 10px !important;background-color: #e6321b !important;border-radius: 4px !important;}\u00bb el_class=\u00bbwmitad\u00bb][vc_custom_heading text=\u00bbESTUDIO DE FACTIBILIDAD\u00bb font_container=\u00bbtag:h2|font_size:55|text_align:left|color:%23000000|line_height:1&#8243; google_fonts=\u00bbfont_family:Oswald%3A300%2Cregular%2C700|font_style:400%20regular%3A400%3Anormal\u00bb css=\u00bb.vc_custom_1592220108899{margin-top: -10px !important;}\u00bb][vc_custom_heading text=\u00bbSoluciones integrales\u00bb font_container=\u00bbtag:h2|text_align:left|color:%23000000|line_height:1&#8243; google_fonts=\u00bbfont_family:Oswald%3A300%2Cregular%2C700|font_style:300%20light%20regular%3A300%3Anormal\u00bb][vc_separator color=\u00bbcustom\u00bb align=\u00bbalign_left\u00bb border_width=\u00bb4&#8243; el_width=\u00bb10&#8243; accent_color=\u00bb#dd3333&#8243;][\/vc_column_inner][vc_column_inner width=\u00bb1\/2&#8243;][\/vc_column_inner][\/vc_row_inner][vc_row_inner][vc_column_inner][vc_empty_space height=\u00bb80px\u00bb][\/vc_column_inner][\/vc_row_inner][\/vc_column][\/vc_row][vc_row full_width=\u00bbstretch_row\u00bb css=\u00bb.vc_custom_1592217774766{padding-top: 50px !important;padding-bottom: 50px !important;background-color: #cc1b1d !important;}\u00bb][vc_column css_animation=\u00bbfadeInLeft\u00bb width=\u00bb1\/2&#8243;][vc_row_inner css=\u00bb.vc_custom_1593775157624{margin-top: 10px !important;margin-right: 10px !important;margin-bottom: 10px !important;margin-left: 10px !important;border-top-width: 0px !important;border-right-width: 0px !important;border-bottom-width: 0px !important;border-left-width: 0px !important;padding-top: 20px !important;padding-right: 20px !important;padding-bottom: 20px !important;padding-left: 20px !important;background-color: #cc1b1d !important;}\u00bb][vc_column_inner width=\u00bb1\/6&#8243;][vc_single_image image=\u00bb15719&#8243;][\/vc_column_inner][vc_column_inner width=\u00bb5\/6&#8243;][vc_custom_heading text=\u00bbAn\u00e1lisis Operativo\u00bb font_container=\u00bbtag:h3|text_align:left\u00bb use_theme_fonts=\u00bbyes\u00bb el_class=\u00bbtexto-blanco\u00bb][vc_column_text el_class=\u00bbtexto-blanco\u00bb]En el an\u00e1lisis operativo tenemos en cuanta todos los recursos materiales as\u00ed como humanos que estimamos necesarios para el\u00a0 desarrollo del proyecto. El objetivo es evaluar las capacidades presentes y futuras para llevar a buen puerto el proyecto.[\/vc_column_text][\/vc_column_inner][\/vc_row_inner][vc_row_inner css=\u00bb.vc_custom_1593775168270{margin-top: 10px !important;margin-right: 10px !important;margin-bottom: 10px !important;margin-left: 10px !important;border-top-width: 0px !important;border-right-width: 0px !important;border-bottom-width: 0px !important;border-left-width: 0px !important;padding-top: 20px !important;padding-right: 20px !important;padding-bottom: 20px !important;padding-left: 20px !important;background-color: #cc1b1d !important;}\u00bb][vc_column_inner width=\u00bb1\/6&#8243;][vc_single_image image=\u00bb15722&#8243;][\/vc_column_inner][vc_column_inner width=\u00bb5\/6&#8243;][vc_custom_heading text=\u00bbAn\u00e1lisis T\u00e9cnico\u00bb font_container=\u00bbtag:h3|text_align:left\u00bb use_theme_fonts=\u00bbyes\u00bb el_class=\u00bbtexto-blanco\u00bb][vc_column_text el_class=\u00bbtexto-blanco\u00bb]En el an\u00e1lisis t\u00e9cnico, partiendo de los requisitos del cliente, evaluamos el estado de la ciencia as\u00ed como la situaci\u00f3n actual del mercado y posible futura de acuerdo a las tendencias existentes. El objetivo es poder ofrecer al cliente un abanico de posibilidades t\u00e9cnicas con distintos grados de complejidad t\u00e9cnicas y que se ajusten a las especificaciones recibidas.[\/vc_column_text][\/vc_column_inner][\/vc_row_inner][\/vc_column][vc_column css_animation=\u00bbfadeInRight\u00bb width=\u00bb1\/2&#8243;][vc_row_inner css=\u00bb.vc_custom_1593775180033{margin-top: 10px !important;margin-right: 10px !important;margin-bottom: 10px !important;margin-left: 10px !important;border-top-width: 0px !important;border-right-width: 0px !important;border-bottom-width: 0px !important;border-left-width: 0px !important;padding-top: 20px !important;padding-right: 20px !important;padding-bottom: 20px !important;padding-left: 20px !important;background-color: #cc1b1d !important;}\u00bb][vc_column_inner width=\u00bb1\/6&#8243;][vc_single_image image=\u00bb15720&#8243;][\/vc_column_inner][vc_column_inner width=\u00bb5\/6&#8243;][vc_custom_heading text=\u00bbAn\u00e1lisis Econ\u00f3mico\u00bb font_container=\u00bbtag:h3|text_align:left\u00bb use_theme_fonts=\u00bbyes\u00bb el_class=\u00bbtexto-blanco\u00bb][vc_column_text el_class=\u00bbtexto-blanco\u00bb]En el an\u00e1lisis econ\u00f3mico, y basada en nuestra amplia experiencia tanto en dise\u00f1o como en materiales de producci\u00f3n, estudiamos las diferentes alternativas existentes correspondientes a las opciones t\u00e9cnicas elegidas El objetivo nuevamente es ofrecer al cliente diferentes alternativas con diferentes soluciones t\u00e9cnicas, de dise\u00f1o y materiales pero que concuerden con el presupuesto objetivo establecido.[\/vc_column_text][\/vc_column_inner][\/vc_row_inner][vc_row_inner css=\u00bb.vc_custom_1593775190631{margin-top: 10px !important;margin-right: 10px !important;margin-bottom: 10px !important;margin-left: 10px !important;border-top-width: 0px !important;border-right-width: 0px !important;border-bottom-width: 0px !important;border-left-width: 0px !important;padding-top: 20px !important;padding-right: 20px !important;padding-bottom: 20px !important;padding-left: 20px !important;background-color: #cc1b1d !important;}\u00bb][vc_column_inner width=\u00bb1\/6&#8243;][vc_single_image image=\u00bb15721&#8243;][\/vc_column_inner][vc_column_inner width=\u00bb5\/6&#8243;][vc_custom_heading text=\u00bbPropuestas de Estilo\u00bb font_container=\u00bbtag:h3|text_align:left\u00bb use_theme_fonts=\u00bbyes\u00bb el_class=\u00bbtexto-blanco\u00bb][vc_column_text el_class=\u00bbtexto-blanco\u00bb]Tambi\u00e9n ofrecemos el servicio de propuestas de estilo basado en las tendencias del mercado siendo un punto importante para el \u00e9xito final del producto.[\/vc_column_text][\/vc_column_inner][\/vc_row_inner][\/vc_column][\/vc_row]<\/p>\n","protected":false},"excerpt":{"rendered":"<p>[vc_row full_width=\u00bbstretch_row\u00bb bg_type=\u00bbimage\u00bb parallax_style=\u00bbvcpb-default\u00bb bg_image_new=\u00bbid^16101|url^http:\/\/rinder.com\/wp-content\/uploads\/2020\/09\/fondo-factivilidad.png|caption^null|alt^null|title^fondo-factivilidad|description^null\u00bb bg_image_repeat=\u00bbno-repeat\u00bb bg_image_size=\u00bbinitial\u00bb bg_image_posiiton=\u00bbright\u00bb css=\u00bb.vc_custom_1600066148262{margin-top: -70px !important;padding-top: 70px !important;}\u00bb][vc_column][vc_row_inner equal_height=\u00bbyes\u00bb][vc_column_inner width=\u00bb1\/2&#8243; css=\u00bb.vc_custom_1592221774548{padding-top: 70px !important;}\u00bb][vc_custom_heading text=\u00bbNuestros servicios\u00bb font_container=\u00bbtag:h2|font_size:20|text_align:left|color:%23ffffff\u00bb google_fonts=\u00bbfont_family:Oswald%3A300%2Cregular%2C700|font_style:300%20light%20regular%3A300%3Anormal\u00bb css=\u00bb.vc_custom_1600066311045{margin-top: 20px !important;margin-bottom: 20px !important;padding-left: 10px !important;background-color: #e6321b !important;border-radius: 4px !important;}\u00bb el_class=\u00bbwmitad\u00bb][vc_custom_heading text=\u00bbESTUDIO DE FACTIBILIDAD\u00bb font_container=\u00bbtag:h2|font_size:55|text_align:left|color:%23000000|line_height:1&#8243; google_fonts=\u00bbfont_family:Oswald%3A300%2Cregular%2C700|font_style:400%20regular%3A400%3Anormal\u00bb css=\u00bb.vc_custom_1592220108899{margin-top: -10px !important;}\u00bb][vc_custom_heading text=\u00bbSoluciones integrales\u00bb font_container=\u00bbtag:h2|text_align:left|color:%23000000|line_height:1&#8243; google_fonts=\u00bbfont_family:Oswald%3A300%2Cregular%2C700|font_style:300%20light%20regular%3A300%3Anormal\u00bb][vc_separator color=\u00bbcustom\u00bb align=\u00bbalign_left\u00bb border_width=\u00bb4&#8243; el_width=\u00bb10&#8243; accent_color=\u00bb#dd3333&#8243;][\/vc_column_inner][vc_column_inner width=\u00bb1\/2&#8243;][\/vc_column_inner][\/vc_row_inner][vc_row_inner][vc_column_inner][vc_empty_space height=\u00bb80px\u00bb][\/vc_column_inner][\/vc_row_inner][\/vc_column][\/vc_row][vc_row full_width=\u00bbstretch_row\u00bb css=\u00bb.vc_custom_1592217774766{padding-top:&hellip;<\/p>\n","protected":false},"author":1,"featured_media":0,"parent":15152,"menu_order":0,"comment_status":"closed","ping_status":"closed","template":"","meta":[],"class_list":["post-15532","page","type-page","status-publish","hentry","description-off"],"yoast_head":"<!-- This site is optimized with the Yoast SEO plugin v27.4 - https:\/\/yoast.com\/product\/yoast-seo-wordpress\/ -->\n<title>Estudio de Factibilidad - Rinder<\/title>\n<meta name=\"robots\" content=\"index, follow, max-snippet:-1, max-image-preview:large, max-video-preview:-1\" \/>\n<link rel=\"canonical\" href=\"https:\/\/rinder.com\/es\/servicios\/estudio-de-factibilidad\/\" \/>\n<meta property=\"og:locale\" content=\"es_ES\" \/>\n<meta property=\"og:type\" content=\"article\" \/>\n<meta property=\"og:title\" content=\"Estudio de Factibilidad - Rinder\" \/>\n<meta property=\"og:description\" content=\"[vc_row full_width=\u00bbstretch_row\u00bb bg_type=\u00bbimage\u00bb parallax_style=\u00bbvcpb-default\u00bb bg_image_new=\u00bbid^16101|url^http:\/\/rinder.com\/wp-content\/uploads\/2020\/09\/fondo-factivilidad.png|caption^null|alt^null|title^fondo-factivilidad|description^null\u00bb bg_image_repeat=\u00bbno-repeat\u00bb bg_image_size=\u00bbinitial\u00bb bg_image_posiiton=\u00bbright\u00bb css=\u00bb.vc_custom_1600066148262{margin-top: -70px !important;padding-top: 70px !important;}\u00bb][vc_column][vc_row_inner equal_height=\u00bbyes\u00bb][vc_column_inner width=\u00bb1\/2&#8243; css=\u00bb.vc_custom_1592221774548{padding-top: 70px !important;}\u00bb][vc_custom_heading text=\u00bbNuestros servicios\u00bb font_container=\u00bbtag:h2|font_size:20|text_align:left|color:%23ffffff\u00bb google_fonts=\u00bbfont_family:Oswald%3A300%2Cregular%2C700|font_style:300%20light%20regular%3A300%3Anormal\u00bb css=\u00bb.vc_custom_1600066311045{margin-top: 20px !important;margin-bottom: 20px !important;padding-left: 10px !important;background-color: #e6321b !important;border-radius: 4px !important;}\u00bb el_class=\u00bbwmitad\u00bb][vc_custom_heading text=\u00bbESTUDIO DE FACTIBILIDAD\u00bb font_container=\u00bbtag:h2|font_size:55|text_align:left|color:%23000000|line_height:1&#8243; google_fonts=\u00bbfont_family:Oswald%3A300%2Cregular%2C700|font_style:400%20regular%3A400%3Anormal\u00bb css=\u00bb.vc_custom_1592220108899{margin-top: -10px !important;}\u00bb][vc_custom_heading text=\u00bbSoluciones integrales\u00bb font_container=\u00bbtag:h2|text_align:left|color:%23000000|line_height:1&#8243; google_fonts=\u00bbfont_family:Oswald%3A300%2Cregular%2C700|font_style:300%20light%20regular%3A300%3Anormal\u00bb][vc_separator color=\u00bbcustom\u00bb align=\u00bbalign_left\u00bb border_width=\u00bb4&#8243; el_width=\u00bb10&#8243; accent_color=\u00bb#dd3333&#8243;][\/vc_column_inner][vc_column_inner width=\u00bb1\/2&#8243;][\/vc_column_inner][\/vc_row_inner][vc_row_inner][vc_column_inner][vc_empty_space height=\u00bb80px\u00bb][\/vc_column_inner][\/vc_row_inner][\/vc_column][\/vc_row][vc_row full_width=\u00bbstretch_row\u00bb css=\u00bb.vc_custom_1592217774766{padding-top:&hellip;\" \/>\n<meta property=\"og:url\" content=\"https:\/\/rinder.com\/es\/servicios\/estudio-de-factibilidad\/\" \/>\n<meta property=\"og:site_name\" content=\"Rinder\" \/>\n<meta property=\"article:modified_time\" content=\"2020-10-08T11:02:57+00:00\" \/>\n<meta name=\"twitter:card\" content=\"summary_large_image\" \/>\n<meta name=\"twitter:label1\" content=\"Tiempo de lectura\" \/>\n\t<meta name=\"twitter:data1\" content=\"4 minutos\" \/>\n<script type=\"application\/ld+json\" class=\"yoast-schema-graph\">{\"@context\":\"https:\\\/\\\/schema.org\",\"@graph\":[{\"@type\":\"WebPage\",\"@id\":\"https:\\\/\\\/rinder.com\\\/es\\\/servicios\\\/estudio-de-factibilidad\\\/\",\"url\":\"https:\\\/\\\/rinder.com\\\/es\\\/servicios\\\/estudio-de-factibilidad\\\/\",\"name\":\"Estudio de Factibilidad - Rinder\",\"isPartOf\":{\"@id\":\"https:\\\/\\\/rinder.com\\\/es\\\/#website\"},\"datePublished\":\"2020-06-15T11:22:13+00:00\",\"dateModified\":\"2020-10-08T11:02:57+00:00\",\"breadcrumb\":{\"@id\":\"https:\\\/\\\/rinder.com\\\/es\\\/servicios\\\/estudio-de-factibilidad\\\/#breadcrumb\"},\"inLanguage\":\"es\",\"potentialAction\":[{\"@type\":\"ReadAction\",\"target\":[\"https:\\\/\\\/rinder.com\\\/es\\\/servicios\\\/estudio-de-factibilidad\\\/\"]}]},{\"@type\":\"BreadcrumbList\",\"@id\":\"https:\\\/\\\/rinder.com\\\/es\\\/servicios\\\/estudio-de-factibilidad\\\/#breadcrumb\",\"itemListElement\":[{\"@type\":\"ListItem\",\"position\":1,\"name\":\"Home\",\"item\":\"https:\\\/\\\/rinder.com\\\/es\\\/\"},{\"@type\":\"ListItem\",\"position\":2,\"name\":\"Servicios\",\"item\":\"https:\\\/\\\/rinder.com\\\/es\\\/servicios\\\/\"},{\"@type\":\"ListItem\",\"position\":3,\"name\":\"Estudio de Factibilidad\"}]},{\"@type\":\"WebSite\",\"@id\":\"https:\\\/\\\/rinder.com\\\/es\\\/#website\",\"url\":\"https:\\\/\\\/rinder.com\\\/es\\\/\",\"name\":\"Rinder\",\"description\":\"Dise\u00f1o y fabricaci\u00f3n de componentes de iluminaci\u00f3n para automoci\u00f3n\",\"potentialAction\":[{\"@type\":\"SearchAction\",\"target\":{\"@type\":\"EntryPoint\",\"urlTemplate\":\"https:\\\/\\\/rinder.com\\\/es\\\/?s={search_term_string}\"},\"query-input\":{\"@type\":\"PropertyValueSpecification\",\"valueRequired\":true,\"valueName\":\"search_term_string\"}}],\"inLanguage\":\"es\"}]}<\/script>\n<!-- \/ Yoast SEO plugin. -->","yoast_head_json":{"title":"Estudio de Factibilidad - Rinder","robots":{"index":"index","follow":"follow","max-snippet":"max-snippet:-1","max-image-preview":"max-image-preview:large","max-video-preview":"max-video-preview:-1"},"canonical":"https:\/\/rinder.com\/es\/servicios\/estudio-de-factibilidad\/","og_locale":"es_ES","og_type":"article","og_title":"Estudio de Factibilidad - Rinder","og_description":"[vc_row full_width=\u00bbstretch_row\u00bb bg_type=\u00bbimage\u00bb parallax_style=\u00bbvcpb-default\u00bb bg_image_new=\u00bbid^16101|url^http:\/\/rinder.com\/wp-content\/uploads\/2020\/09\/fondo-factivilidad.png|caption^null|alt^null|title^fondo-factivilidad|description^null\u00bb bg_image_repeat=\u00bbno-repeat\u00bb bg_image_size=\u00bbinitial\u00bb bg_image_posiiton=\u00bbright\u00bb css=\u00bb.vc_custom_1600066148262{margin-top: -70px !important;padding-top: 70px !important;}\u00bb][vc_column][vc_row_inner equal_height=\u00bbyes\u00bb][vc_column_inner width=\u00bb1\/2&#8243; css=\u00bb.vc_custom_1592221774548{padding-top: 70px !important;}\u00bb][vc_custom_heading text=\u00bbNuestros servicios\u00bb font_container=\u00bbtag:h2|font_size:20|text_align:left|color:%23ffffff\u00bb google_fonts=\u00bbfont_family:Oswald%3A300%2Cregular%2C700|font_style:300%20light%20regular%3A300%3Anormal\u00bb css=\u00bb.vc_custom_1600066311045{margin-top: 20px !important;margin-bottom: 20px !important;padding-left: 10px !important;background-color: #e6321b !important;border-radius: 4px !important;}\u00bb el_class=\u00bbwmitad\u00bb][vc_custom_heading text=\u00bbESTUDIO DE FACTIBILIDAD\u00bb font_container=\u00bbtag:h2|font_size:55|text_align:left|color:%23000000|line_height:1&#8243; google_fonts=\u00bbfont_family:Oswald%3A300%2Cregular%2C700|font_style:400%20regular%3A400%3Anormal\u00bb css=\u00bb.vc_custom_1592220108899{margin-top: -10px !important;}\u00bb][vc_custom_heading text=\u00bbSoluciones integrales\u00bb font_container=\u00bbtag:h2|text_align:left|color:%23000000|line_height:1&#8243; google_fonts=\u00bbfont_family:Oswald%3A300%2Cregular%2C700|font_style:300%20light%20regular%3A300%3Anormal\u00bb][vc_separator color=\u00bbcustom\u00bb align=\u00bbalign_left\u00bb border_width=\u00bb4&#8243; el_width=\u00bb10&#8243; accent_color=\u00bb#dd3333&#8243;][\/vc_column_inner][vc_column_inner width=\u00bb1\/2&#8243;][\/vc_column_inner][\/vc_row_inner][vc_row_inner][vc_column_inner][vc_empty_space height=\u00bb80px\u00bb][\/vc_column_inner][\/vc_row_inner][\/vc_column][\/vc_row][vc_row full_width=\u00bbstretch_row\u00bb css=\u00bb.vc_custom_1592217774766{padding-top:&hellip;","og_url":"https:\/\/rinder.com\/es\/servicios\/estudio-de-factibilidad\/","og_site_name":"Rinder","article_modified_time":"2020-10-08T11:02:57+00:00","twitter_card":"summary_large_image","twitter_misc":{"Tiempo de lectura":"4 minutos"},"schema":{"@context":"https:\/\/schema.org","@graph":[{"@type":"WebPage","@id":"https:\/\/rinder.com\/es\/servicios\/estudio-de-factibilidad\/","url":"https:\/\/rinder.com\/es\/servicios\/estudio-de-factibilidad\/","name":"Estudio de Factibilidad - Rinder","isPartOf":{"@id":"https:\/\/rinder.com\/es\/#website"},"datePublished":"2020-06-15T11:22:13+00:00","dateModified":"2020-10-08T11:02:57+00:00","breadcrumb":{"@id":"https:\/\/rinder.com\/es\/servicios\/estudio-de-factibilidad\/#breadcrumb"},"inLanguage":"es","potentialAction":[{"@type":"ReadAction","target":["https:\/\/rinder.com\/es\/servicios\/estudio-de-factibilidad\/"]}]},{"@type":"BreadcrumbList","@id":"https:\/\/rinder.com\/es\/servicios\/estudio-de-factibilidad\/#breadcrumb","itemListElement":[{"@type":"ListItem","position":1,"name":"Home","item":"https:\/\/rinder.com\/es\/"},{"@type":"ListItem","position":2,"name":"Servicios","item":"https:\/\/rinder.com\/es\/servicios\/"},{"@type":"ListItem","position":3,"name":"Estudio de Factibilidad"}]},{"@type":"WebSite","@id":"https:\/\/rinder.com\/es\/#website","url":"https:\/\/rinder.com\/es\/","name":"Rinder","description":"Dise\u00f1o y fabricaci\u00f3n de componentes de iluminaci\u00f3n para automoci\u00f3n","potentialAction":[{"@type":"SearchAction","target":{"@type":"EntryPoint","urlTemplate":"https:\/\/rinder.com\/es\/?s={search_term_string}"},"query-input":{"@type":"PropertyValueSpecification","valueRequired":true,"valueName":"search_term_string"}}],"inLanguage":"es"}]}},"_links":{"self":[{"href":"https:\/\/rinder.com\/es\/wp-json\/wp\/v2\/pages\/15532","targetHints":{"allow":["GET"]}}],"collection":[{"href":"https:\/\/rinder.com\/es\/wp-json\/wp\/v2\/pages"}],"about":[{"href":"https:\/\/rinder.com\/es\/wp-json\/wp\/v2\/types\/page"}],"author":[{"embeddable":true,"href":"https:\/\/rinder.com\/es\/wp-json\/wp\/v2\/users\/1"}],"replies":[{"embeddable":true,"href":"https:\/\/rinder.com\/es\/wp-json\/wp\/v2\/comments?post=15532"}],"version-history":[{"count":0,"href":"https:\/\/rinder.com\/es\/wp-json\/wp\/v2\/pages\/15532\/revisions"}],"up":[{"embeddable":true,"href":"https:\/\/rinder.com\/es\/wp-json\/wp\/v2\/pages\/15152"}],"wp:attachment":[{"href":"https:\/\/rinder.com\/es\/wp-json\/wp\/v2\/media?parent=15532"}],"curies":[{"name":"wp","href":"https:\/\/api.w.org\/{rel}","templated":true}]}}