{"id":15175,"date":"2020-02-03T14:41:49","date_gmt":"2020-02-03T14:41:49","guid":{"rendered":"https:\/\/desarrolloweb.cistec.es\/rinder\/?page_id=15175"},"modified":"2021-02-23T14:40:29","modified_gmt":"2021-02-23T14:40:29","slug":"cookies","status":"publish","type":"page","link":"https:\/\/rinder.com\/es\/cookies\/","title":{"rendered":"Cookies"},"content":{"rendered":"<p>[vc_row][vc_column width=\u00bb1\/2&#8243;][vc_custom_heading text=\u00bbLegal\u00bb font_container=\u00bbtag:h2|font_size:20|text_align:left|color:%23ffffff\u00bb google_fonts=\u00bbfont_family:Oswald%3A300%2Cregular%2C700|font_style:300%20light%20regular%3A300%3Anormal\u00bb el_class=\u00bbwmitad\u00bb css=\u00bb.vc_custom_1602157363178{background-color: #dd3333 !important;border-radius: 3px !important;}\u00bb][vc_custom_heading text=\u00bbCookies\u00bb font_container=\u00bbtag:h2|font_size:55|text_align:left|color:%23000000|line_height:1&#8243; google_fonts=\u00bbfont_family:Oswald%3A300%2Cregular%2C700|font_style:400%20regular%3A400%3Anormal\u00bb][vc_separator color=\u00bbcustom\u00bb align=\u00bbalign_left\u00bb border_width=\u00bb3&#8243; el_width=\u00bb10&#8243; accent_color=\u00bb#dd3333&#8243;][vc_empty_space height=\u00bb60px\u00bb][\/vc_column][vc_column width=\u00bb1\/2&#8243;][\/vc_column][\/vc_row][vc_row][vc_column][vc_column_text]<strong>POL\u00cdTICA DE COOKIES<\/strong><\/p>\n<p>Una cookie es un peque\u00f1o fichero de texto que se almacena en su navegador cuando visita casi cualquier p\u00e1gina web. Su utilidad es que la web sea capaz de recordar su visita cuando vuelva a navegar por esa p\u00e1gina. Las cookies suelen almacenar informaci\u00f3n de car\u00e1cter t\u00e9cnico, preferencias personales, personalizaci\u00f3n de contenidos, estad\u00edsticas de uso, enlaces a redes sociales, acceso a cuentas de usuario, etc. El objetivo de la cookie es adaptar el contenido de la web a su perfil y necesidades, sin cookies los servicios ofrecidos por cualquier p\u00e1gina se ver\u00edan mermados notablemente. Si desea consultar m\u00e1s informaci\u00f3n sobre qu\u00e9 son las cookies, qu\u00e9 almacenan, c\u00f3mo eliminarlas, desactivarlas, etc., le rogamos se dirija a este enlace. (apartado 2)<\/p>\n<p>&nbsp;<\/p>\n<p><strong>COOKIES UTILIZADAS EN ESTE SITIO WEB<\/strong><\/p>\n<p>Siguiendo las directrices de la Agencia Espa\u00f1ola de Protecci\u00f3n de Datos procedemos a detallar el uso de cookies que hace esta web con el fin de informarle con la m\u00e1xima exactitud posible.<\/p>\n<p>Este sitio web utiliza las siguientes<strong> cookies propias<\/strong>:<\/p>\n<p>Cookies de sesi\u00f3n, para garantizar que los usuarios que escriban comentarios en el blog sean humanos y no aplicaciones automatizadas. De esta forma se combate el spam.<\/p>\n<p>&nbsp;<\/p>\n<p>Este sitio web utiliza las siguientes <strong>cookies de terceros:<\/strong><\/p>\n<p>Google Analytics: Almacena cookies para poder elaborar estad\u00edsticas sobre el tr\u00e1fico y volumen de visitas de esta web. Al utilizar este sitio web est\u00e1 consintiendo el tratamiento de informaci\u00f3n acerca de usted por Google. Por tanto, el ejercicio de cualquier derecho en este sentido deber\u00e1 hacerlo comunicando directamente con Google.<\/p>\n<p>.<\/p>\n<table style=\"font-weight: 400; height: 238px;\" width=\"557\" data-tablestyle=\"MsoNormalTable\" data-tablelook=\"1184\">\n<tbody>\n<tr>\n<td data-celllook=\"4369\"><span data-contrast=\"none\">Nombre de la cookie<\/span><span data-ccp-props=\"{&quot;201341983&quot;:2,&quot;335559739&quot;:225,&quot;335559740&quot;:270}\">\u00a0<\/span><\/td>\n<td data-celllook=\"4369\"><span data-contrast=\"none\">Periodo de conservaci\u00f3n\u202f<\/span><span data-ccp-props=\"{&quot;201341983&quot;:2,&quot;335559739&quot;:225,&quot;335559740&quot;:270}\">\u00a0<\/span><\/td>\n<td data-celllook=\"4369\"><span data-contrast=\"none\">Entidad \/ Prop\u00f3sito de la cookie\u202f<\/span><span data-ccp-props=\"{&quot;201341983&quot;:2,&quot;335559739&quot;:225,&quot;335559740&quot;:270}\">\u00a0<\/span><\/td>\n<\/tr>\n<tr>\n<td data-celllook=\"4369\"><span data-ccp-props=\"{&quot;201341983&quot;:2,&quot;335559739&quot;:200,&quot;335559740&quot;:270}\">_ga<\/span><\/p>\n<p><span data-ccp-props=\"{&quot;201341983&quot;:2,&quot;335559739&quot;:200,&quot;335559740&quot;:270}\"> _gat<br \/>\n_gid\u00a0<\/span><\/td>\n<td data-celllook=\"4369\"><span data-contrast=\"none\">Duradera<\/span><span data-ccp-props=\"{&quot;201341983&quot;:2,&quot;335559739&quot;:200,&quot;335559740&quot;:270}\">\u00a0<\/span><\/td>\n<td data-celllook=\"4369\"><span data-contrast=\"none\">Google Analytic \/ Estas cookies son establecidas para rastrear el uso de la web. Estas cookies no se establecen si desconectas cookies para esta web.<\/span><span data-ccp-props=\"{&quot;201341983&quot;:2,&quot;335559739&quot;:200,&quot;335559740&quot;:270}\">\u00a0<\/span><\/td>\n<\/tr>\n<tr>\n<td data-celllook=\"4369\">cmplz_marketing<\/p>\n<p>cmplz_stats<\/p>\n<p>complianz_consent_status<\/p>\n<p>complience_policy_id<\/p>\n<p>wp-wpml_current_language<\/td>\n<td data-celllook=\"4369\">Duradera<\/td>\n<td data-celllook=\"4369\">WordPress Functional \/ Funcionales de WordPress. Son necesaria para el funcionamiento optimo de la web<\/td>\n<\/tr>\n<\/tbody>\n<\/table>\n<p>&nbsp;<\/p>\n<p>Asimismo es posible que al visitar alguna p\u00e1gina web o al abrir alg\u00fan email donde se publique alg\u00fan anuncio o alguna promoci\u00f3n sobre nuestros servicios o productos, se instale en su navegador alguna cookie que nos sirve para mostrarle posteriormente publicidad relacionada con la b\u00fasqueda que haya realizado, desarrollar un control de nuestros anuncios en relaci\u00f3n, por ejemplo, con el n\u00famero de veces que son vistos, donde aparecen, a qu\u00e9 hora se ven, etc\u2026<\/p>\n<p>&nbsp;<\/p>\n<p><strong>Desactivaci\u00f3n o eliminaci\u00f3n de cookies<\/strong><\/p>\n<p>En cualquier momento podr\u00e1 ejercer su derecho de desactivaci\u00f3n o eliminaci\u00f3n de cookies de este sitio web. Estas acciones se realizan de forma diferente en funci\u00f3n del navegador que est\u00e9 usando. Aqu\u00ed le dejamos una gu\u00eda r\u00e1pida para los navegadores m\u00e1s populares.<\/p>\n<p>(apartado 3)<\/p>\n<p>&nbsp;<\/p>\n<p><strong>Notas adicionales<\/strong><\/p>\n<p>Ni esta web ni sus representantes legales se hacen responsables ni del contenido ni de la veracidad de las pol\u00edticas de privacidad que puedan tener los terceros mencionados en esta pol\u00edtica de cookies.<\/p>\n<p>Los navegadores web son las herramientas encargadas de almacenar las cookies y desde este lugar debe efectuar su derecho a eliminaci\u00f3n o desactivaci\u00f3n de las mismas. Ni esta web ni sus representantes legales pueden garantizar la correcta o incorrecta manipulaci\u00f3n de las cookies por parte de los mencionados navegadores.<\/p>\n<p>En algunos casos es necesario instalar cookies para que el navegador no olvide su decisi\u00f3n de no aceptaci\u00f3n de las mismas.<\/p>\n<p>Para cualquier duda o consulta acerca de esta pol\u00edtica de cookies no dude en comunicarse con nosotros a trav\u00e9s de la secci\u00f3n de contacto.<\/p>\n<p>Salto de p\u00e1gina<\/p>\n<p><strong>Apartado 2<\/strong><\/p>\n<p>M\u00e1s informaci\u00f3n sobre las cookies<\/p>\n<p><strong>\u00bfQu\u00e9 es una cookie?<\/strong><\/p>\n<p>Una cookie es un fichero de texto inofensivo que se almacena en su navegador cuando visita casi cualquier p\u00e1gina web. La utilidad de la cookie es que la web sea capaz de recordar su visita cuando vuelva a navegar por esa p\u00e1gina. Aunque mucha gente no lo sabe las cookies se llevan utilizando desde hace 20 a\u00f1os, cuando aparecieron los primeros navegadores para la World Wide Web.<\/p>\n<p>&nbsp;<\/p>\n<p><strong>\u00bfQu\u00e9 NO ES una cookie?<\/strong><\/p>\n<p>No es un virus, ni un troyano, ni un gusano, ni spam, ni spyware, ni abre ventanas pop-up.<\/p>\n<p>&nbsp;<\/p>\n<p><strong>\u00bfQu\u00e9 informaci\u00f3n almacena una cookie?<\/strong><\/p>\n<p>Las cookies no suelen almacenar informaci\u00f3n sensible sobre usted, como tarjetas de cr\u00e9dito o datos bancarios, fotograf\u00edas, su DNI o informaci\u00f3n personal, etc. Los datos que guardan son de car\u00e1cter t\u00e9cnico, preferencias personales, personalizaci\u00f3n de contenidos, etc.<\/p>\n<p>El servidor web no le asocia a usted como persona si no a su navegador web. De hecho, si usted navega habitualmente con Internet Explorer y prueba a navegar por la misma web con Firefox o Chrome ver\u00e1 que la web no se da cuenta que es usted la misma persona porque en realidad est\u00e1 asociando al navegador, no a la persona.<\/p>\n<p>&nbsp;<\/p>\n<p><strong>\u00bfQu\u00e9 tipo de cookies existen?<\/strong><\/p>\n<p>Cookies t\u00e9cnicas: Son las m\u00e1s elementales y permiten, entre otras cosas, saber cu\u00e1ndo est\u00e1 navegando un humano o una aplicaci\u00f3n automatizada, cu\u00e1ndo navega un usuario an\u00f3nimo y uno registrado, tareas b\u00e1sicas para el funcionamiento de cualquier web din\u00e1mica.<\/p>\n<p>Cookies de an\u00e1lisis: Recogen informaci\u00f3n sobre el tipo de navegaci\u00f3n que est\u00e1 realizando, las secciones que m\u00e1s utiliza, productos consultados, franja horaria de uso, idioma, etc.<\/p>\n<p>Cookies publicitarias: Muestran publicidad en funci\u00f3n de su navegaci\u00f3n, su pa\u00eds de procedencia, idioma, etc.<\/p>\n<p>&nbsp;<\/p>\n<p><strong>\u00bfQu\u00e9 son las cookies propias y las de terceros?<\/strong><\/p>\n<p>Las cookies propias son generadas por la p\u00e1gina que est\u00e1 visitando y las de terceros son las generadas por servicios o proveedores externos como Facebook, Twitter, Google, etc.<\/p>\n<p>&nbsp;<\/p>\n<p><strong>\u00bfQu\u00e9 ocurre si desactivo las cookies?<\/strong><\/p>\n<p>Para que entienda el alcance que puede tener desactivar las cookies le mostramos unos ejemplos:<\/p>\n<p>No podr\u00e1 compartir contenidos de esa web en Facebook, Twitter o cualquier otra red social.<\/p>\n<p>El sitio web no podr\u00e1 adaptar los contenidos a sus preferencias personales, como suele ocurrir en las tiendas online.<\/p>\n<p>No podr\u00e1 acceder al \u00e1rea personal de esa web, como por ejemplo Mi cuenta, o Mi perfil o Mis pedidos.<\/p>\n<p>Tiendas online: Le ser\u00e1 imposible realizar compras online, tendr\u00e1n que ser telef\u00f3nicas o visitando la tienda f\u00edsica si es que dispone de ella.<\/p>\n<p>No ser\u00e1 posible personalizar sus preferencias geogr\u00e1ficas como franja horaria, divisa o idioma.<\/p>\n<p>El sitio web no podr\u00e1 realizar anal\u00edticas web sobre visitantes y tr\u00e1fico en la web, lo que dificultar\u00e1 que la web sea competitiva.<\/p>\n<p>No podr\u00e1 escribir en el blog, no podr\u00e1 subir fotos, publicar comentarios, valorar o puntuar contenidos. La web tampoco podr\u00e1 saber si usted es un humano o una aplicaci\u00f3n automatizada que publica spam.<\/p>\n<p>No se podr\u00e1 mostrar publicidad sectorizada, lo que reducir\u00e1 los ingresos publicitarios de la web.<\/p>\n<p>Todas las redes sociales usan cookies, si las desactiva no podr\u00e1 utilizar ninguna red social.<\/p>\n<p>&nbsp;<\/p>\n<p><strong>\u00bfSe pueden eliminar las cookies?<\/strong><\/p>\n<p>S\u00ed. No s\u00f3lo eliminar, tambi\u00e9n bloquear, de forma general o particular para un dominio espec\u00edfico.<\/p>\n<p>Para eliminar las cookies de un sitio web debe ir a la configuraci\u00f3n de su navegador y all\u00ed podr\u00e1 buscar las asociadas al dominio en cuesti\u00f3n y proceder a su eliminaci\u00f3n.<\/p>\n<p>&nbsp;<\/p>\n<p><strong>Apartado 3<\/strong><\/p>\n<p>Configuraci\u00f3n de cookies para los navegadores m\u00e1s populares<\/p>\n<p>A continuaci\u00f3n le indicamos c\u00f3mo acceder a una cookie determinada del navegador Chrome. Nota: estos pasos pueden variar en funci\u00f3n de la versi\u00f3n del navegador:<\/p>\n<p>Vaya a Configuraci\u00f3n o Preferencias mediante el men\u00fa Archivo o bien pinchando el icono de personalizaci\u00f3n que aparece arriba a la derecha.<\/p>\n<p>Ver\u00e1 diferentes secciones, pinche la opci\u00f3n Mostrar opciones avanzadas.<\/p>\n<p>Vaya a Privacidad, Configuraci\u00f3n de contenido.<\/p>\n<p>Seleccione Todas las cookies y los datos de sitios.<\/p>\n<p>Aparecer\u00e1 un listado con todas las cookies ordenadas por dominio. Para que le sea m\u00e1s f\u00e1cil encontrar las cookies de un determinado dominio introduzca parcial o totalmente la direcci\u00f3n en el campo Buscar cookies.<\/p>\n<p>Tras realizar este filtro aparecer\u00e1n en pantalla una o varias l\u00edneas con las cookies de la web solicitada. Ahora s\u00f3lo tiene que seleccionarla y pulsar la X para proceder a su eliminaci\u00f3n.<\/p>\n<p>Otros navegadores<\/p>\n<ul>\n<li>Internet Explorer: Herramientas \u2192Opciones de Internet \u2192Privacidad \u2192Configuraci\u00f3n<\/li>\n<li>Firefox: Herramientas \u2192Opciones \u2192Privacidad \u2192Historial \u2192Configuraci\u00f3n Personalizada<\/li>\n<li>Safari: Preferencias \u2192Seguridad<\/li>\n<\/ul>\n<p>Para m\u00e1s informaci\u00f3n puede consultar la ayuda de su navegador.<br \/>\nSi no deseas que los datos de tus visitas sean comunicados por Google Analytics, puedes instalar el Complemento de Inhabilitaci\u00f3n para Navegadores de Google Analytics. Aqu\u00ed puedes encontrar m\u00e1s informaci\u00f3n sobre la instalaci\u00f3n y la desinstalaci\u00f3n del citado complemento:\u00a0<a href=\"https:\/\/tools.google.com\/dlpage\/gaoptout%20\">https:\/\/tools.google.com\/dlpage\/gaoptout<\/a><\/p>\n<p>&nbsp;<\/p>\n<p><strong>Cambios en la Pol\u00edtica de cookies<\/strong><\/p>\n<p>Es posible que actualicemos la Pol\u00edtica de Cookies de nuestro sitio web, por ello le recomendamos revisar esta pol\u00edtica cada vez que acceda a nuestro Sitio Web con el objetivo de estar adecuadamente informado sobre c\u00f3mo y para qu\u00e9 usamos las cookies. Ultima actualizaci\u00f3n octubre 2020.[\/vc_column_text][\/vc_column][\/vc_row]<\/p>\n","protected":false},"excerpt":{"rendered":"<p>[vc_row][vc_column width=\u00bb1\/2&#8243;][vc_custom_heading text=\u00bbLegal\u00bb font_container=\u00bbtag:h2|font_size:20|text_align:left|color:%23ffffff\u00bb google_fonts=\u00bbfont_family:Oswald%3A300%2Cregular%2C700|font_style:300%20light%20regular%3A300%3Anormal\u00bb el_class=\u00bbwmitad\u00bb css=\u00bb.vc_custom_1602157363178{background-color: #dd3333 !important;border-radius: 3px !important;}\u00bb][vc_custom_heading text=\u00bbCookies\u00bb font_container=\u00bbtag:h2|font_size:55|text_align:left|color:%23000000|line_height:1&#8243; google_fonts=\u00bbfont_family:Oswald%3A300%2Cregular%2C700|font_style:400%20regular%3A400%3Anormal\u00bb][vc_separator color=\u00bbcustom\u00bb align=\u00bbalign_left\u00bb border_width=\u00bb3&#8243; el_width=\u00bb10&#8243; accent_color=\u00bb#dd3333&#8243;][vc_empty_space height=\u00bb60px\u00bb][\/vc_column][vc_column width=\u00bb1\/2&#8243;][\/vc_column][\/vc_row][vc_row][vc_column][vc_column_text]POL\u00cdTICA DE COOKIES Una cookie es un peque\u00f1o fichero de texto que se almacena en su navegador cuando visita casi cualquier p\u00e1gina web. Su utilidad es que la web sea capaz de recordar su visita&hellip;<\/p>\n","protected":false},"author":1,"featured_media":0,"parent":0,"menu_order":0,"comment_status":"closed","ping_status":"closed","template":"","meta":[],"class_list":["post-15175","page","type-page","status-publish","hentry","description-off"],"yoast_head":"<!-- This site is optimized with the Yoast SEO plugin v27.4 - https:\/\/yoast.com\/product\/yoast-seo-wordpress\/ -->\n<title>Cookies - Rinder<\/title>\n<meta name=\"robots\" content=\"index, follow, max-snippet:-1, max-image-preview:large, max-video-preview:-1\" \/>\n<link rel=\"canonical\" href=\"https:\/\/rinder.com\/es\/cookies\/\" \/>\n<meta property=\"og:locale\" content=\"es_ES\" \/>\n<meta property=\"og:type\" content=\"article\" \/>\n<meta property=\"og:title\" content=\"Cookies - Rinder\" \/>\n<meta property=\"og:description\" content=\"[vc_row][vc_column width=\u00bb1\/2&#8243;][vc_custom_heading text=\u00bbLegal\u00bb font_container=\u00bbtag:h2|font_size:20|text_align:left|color:%23ffffff\u00bb google_fonts=\u00bbfont_family:Oswald%3A300%2Cregular%2C700|font_style:300%20light%20regular%3A300%3Anormal\u00bb el_class=\u00bbwmitad\u00bb css=\u00bb.vc_custom_1602157363178{background-color: #dd3333 !important;border-radius: 3px !important;}\u00bb][vc_custom_heading text=\u00bbCookies\u00bb font_container=\u00bbtag:h2|font_size:55|text_align:left|color:%23000000|line_height:1&#8243; google_fonts=\u00bbfont_family:Oswald%3A300%2Cregular%2C700|font_style:400%20regular%3A400%3Anormal\u00bb][vc_separator color=\u00bbcustom\u00bb align=\u00bbalign_left\u00bb border_width=\u00bb3&#8243; el_width=\u00bb10&#8243; accent_color=\u00bb#dd3333&#8243;][vc_empty_space height=\u00bb60px\u00bb][\/vc_column][vc_column width=\u00bb1\/2&#8243;][\/vc_column][\/vc_row][vc_row][vc_column][vc_column_text]POL\u00cdTICA DE COOKIES Una cookie es un peque\u00f1o fichero de texto que se almacena en su navegador cuando visita casi cualquier p\u00e1gina web. Su utilidad es que la web sea capaz de recordar su visita&hellip;\" \/>\n<meta property=\"og:url\" content=\"https:\/\/rinder.com\/es\/cookies\/\" \/>\n<meta property=\"og:site_name\" content=\"Rinder\" \/>\n<meta property=\"article:modified_time\" content=\"2021-02-23T14:40:29+00:00\" \/>\n<meta name=\"twitter:card\" content=\"summary_large_image\" \/>\n<meta name=\"twitter:label1\" content=\"Tiempo de lectura\" \/>\n\t<meta name=\"twitter:data1\" content=\"7 minutos\" \/>\n<script type=\"application\/ld+json\" class=\"yoast-schema-graph\">{\"@context\":\"https:\\\/\\\/schema.org\",\"@graph\":[{\"@type\":\"WebPage\",\"@id\":\"https:\\\/\\\/rinder.com\\\/es\\\/cookies\\\/\",\"url\":\"https:\\\/\\\/rinder.com\\\/es\\\/cookies\\\/\",\"name\":\"Cookies - Rinder\",\"isPartOf\":{\"@id\":\"https:\\\/\\\/rinder.com\\\/es\\\/#website\"},\"datePublished\":\"2020-02-03T14:41:49+00:00\",\"dateModified\":\"2021-02-23T14:40:29+00:00\",\"breadcrumb\":{\"@id\":\"https:\\\/\\\/rinder.com\\\/es\\\/cookies\\\/#breadcrumb\"},\"inLanguage\":\"es\",\"potentialAction\":[{\"@type\":\"ReadAction\",\"target\":[\"https:\\\/\\\/rinder.com\\\/es\\\/cookies\\\/\"]}]},{\"@type\":\"BreadcrumbList\",\"@id\":\"https:\\\/\\\/rinder.com\\\/es\\\/cookies\\\/#breadcrumb\",\"itemListElement\":[{\"@type\":\"ListItem\",\"position\":1,\"name\":\"Home\",\"item\":\"https:\\\/\\\/rinder.com\\\/es\\\/\"},{\"@type\":\"ListItem\",\"position\":2,\"name\":\"Cookies\"}]},{\"@type\":\"WebSite\",\"@id\":\"https:\\\/\\\/rinder.com\\\/es\\\/#website\",\"url\":\"https:\\\/\\\/rinder.com\\\/es\\\/\",\"name\":\"Rinder\",\"description\":\"Dise\u00f1o y fabricaci\u00f3n de componentes de iluminaci\u00f3n para automoci\u00f3n\",\"potentialAction\":[{\"@type\":\"SearchAction\",\"target\":{\"@type\":\"EntryPoint\",\"urlTemplate\":\"https:\\\/\\\/rinder.com\\\/es\\\/?s={search_term_string}\"},\"query-input\":{\"@type\":\"PropertyValueSpecification\",\"valueRequired\":true,\"valueName\":\"search_term_string\"}}],\"inLanguage\":\"es\"}]}<\/script>\n<!-- \/ Yoast SEO plugin. -->","yoast_head_json":{"title":"Cookies - Rinder","robots":{"index":"index","follow":"follow","max-snippet":"max-snippet:-1","max-image-preview":"max-image-preview:large","max-video-preview":"max-video-preview:-1"},"canonical":"https:\/\/rinder.com\/es\/cookies\/","og_locale":"es_ES","og_type":"article","og_title":"Cookies - Rinder","og_description":"[vc_row][vc_column width=\u00bb1\/2&#8243;][vc_custom_heading text=\u00bbLegal\u00bb font_container=\u00bbtag:h2|font_size:20|text_align:left|color:%23ffffff\u00bb google_fonts=\u00bbfont_family:Oswald%3A300%2Cregular%2C700|font_style:300%20light%20regular%3A300%3Anormal\u00bb el_class=\u00bbwmitad\u00bb css=\u00bb.vc_custom_1602157363178{background-color: #dd3333 !important;border-radius: 3px !important;}\u00bb][vc_custom_heading text=\u00bbCookies\u00bb font_container=\u00bbtag:h2|font_size:55|text_align:left|color:%23000000|line_height:1&#8243; google_fonts=\u00bbfont_family:Oswald%3A300%2Cregular%2C700|font_style:400%20regular%3A400%3Anormal\u00bb][vc_separator color=\u00bbcustom\u00bb align=\u00bbalign_left\u00bb border_width=\u00bb3&#8243; el_width=\u00bb10&#8243; accent_color=\u00bb#dd3333&#8243;][vc_empty_space height=\u00bb60px\u00bb][\/vc_column][vc_column width=\u00bb1\/2&#8243;][\/vc_column][\/vc_row][vc_row][vc_column][vc_column_text]POL\u00cdTICA DE COOKIES Una cookie es un peque\u00f1o fichero de texto que se almacena en su navegador cuando visita casi cualquier p\u00e1gina web. Su utilidad es que la web sea capaz de recordar su visita&hellip;","og_url":"https:\/\/rinder.com\/es\/cookies\/","og_site_name":"Rinder","article_modified_time":"2021-02-23T14:40:29+00:00","twitter_card":"summary_large_image","twitter_misc":{"Tiempo de lectura":"7 minutos"},"schema":{"@context":"https:\/\/schema.org","@graph":[{"@type":"WebPage","@id":"https:\/\/rinder.com\/es\/cookies\/","url":"https:\/\/rinder.com\/es\/cookies\/","name":"Cookies - Rinder","isPartOf":{"@id":"https:\/\/rinder.com\/es\/#website"},"datePublished":"2020-02-03T14:41:49+00:00","dateModified":"2021-02-23T14:40:29+00:00","breadcrumb":{"@id":"https:\/\/rinder.com\/es\/cookies\/#breadcrumb"},"inLanguage":"es","potentialAction":[{"@type":"ReadAction","target":["https:\/\/rinder.com\/es\/cookies\/"]}]},{"@type":"BreadcrumbList","@id":"https:\/\/rinder.com\/es\/cookies\/#breadcrumb","itemListElement":[{"@type":"ListItem","position":1,"name":"Home","item":"https:\/\/rinder.com\/es\/"},{"@type":"ListItem","position":2,"name":"Cookies"}]},{"@type":"WebSite","@id":"https:\/\/rinder.com\/es\/#website","url":"https:\/\/rinder.com\/es\/","name":"Rinder","description":"Dise\u00f1o y fabricaci\u00f3n de componentes de iluminaci\u00f3n para automoci\u00f3n","potentialAction":[{"@type":"SearchAction","target":{"@type":"EntryPoint","urlTemplate":"https:\/\/rinder.com\/es\/?s={search_term_string}"},"query-input":{"@type":"PropertyValueSpecification","valueRequired":true,"valueName":"search_term_string"}}],"inLanguage":"es"}]}},"_links":{"self":[{"href":"https:\/\/rinder.com\/es\/wp-json\/wp\/v2\/pages\/15175","targetHints":{"allow":["GET"]}}],"collection":[{"href":"https:\/\/rinder.com\/es\/wp-json\/wp\/v2\/pages"}],"about":[{"href":"https:\/\/rinder.com\/es\/wp-json\/wp\/v2\/types\/page"}],"author":[{"embeddable":true,"href":"https:\/\/rinder.com\/es\/wp-json\/wp\/v2\/users\/1"}],"replies":[{"embeddable":true,"href":"https:\/\/rinder.com\/es\/wp-json\/wp\/v2\/comments?post=15175"}],"version-history":[{"count":2,"href":"https:\/\/rinder.com\/es\/wp-json\/wp\/v2\/pages\/15175\/revisions"}],"predecessor-version":[{"id":19679,"href":"https:\/\/rinder.com\/es\/wp-json\/wp\/v2\/pages\/15175\/revisions\/19679"}],"wp:attachment":[{"href":"https:\/\/rinder.com\/es\/wp-json\/wp\/v2\/media?parent=15175"}],"curies":[{"name":"wp","href":"https:\/\/api.w.org\/{rel}","templated":true}]}}