{"id":15173,"date":"2020-02-03T14:41:21","date_gmt":"2020-02-03T14:41:21","guid":{"rendered":"https:\/\/desarrolloweb.cistec.es\/rinder\/?page_id=15173"},"modified":"2020-10-08T11:42:12","modified_gmt":"2020-10-08T11:42:12","slug":"politica-de-privacidad","status":"publish","type":"page","link":"https:\/\/rinder.com\/es\/politica-de-privacidad\/","title":{"rendered":"Politica de privacidad"},"content":{"rendered":"<p>[vc_row][vc_column width=\u00bb1\/2&#8243;][vc_custom_heading text=\u00bbLegal\u00bb font_container=\u00bbtag:h2|font_size:20|text_align:left|color:%23ffffff\u00bb google_fonts=\u00bbfont_family:Oswald%3A300%2Cregular%2C700|font_style:300%20light%20regular%3A300%3Anormal\u00bb el_class=\u00bbwmitad\u00bb css=\u00bb.vc_custom_1602157335745{background-color: #dd3333 !important;background-position: center !important;background-repeat: no-repeat !important;background-size: cover !important;border-radius: 3px !important;}\u00bb][vc_custom_heading text=\u00bbPolitica de privacidad\u00bb font_container=\u00bbtag:h2|font_size:55|text_align:left|color:%23000000|line_height:1&#8243; google_fonts=\u00bbfont_family:Oswald%3A300%2Cregular%2C700|font_style:400%20regular%3A400%3Anormal\u00bb][vc_separator color=\u00bbcustom\u00bb align=\u00bbalign_left\u00bb border_width=\u00bb3&#8243; el_width=\u00bb10&#8243; accent_color=\u00bb#dd3333&#8243;][vc_empty_space height=\u00bb60px\u00bb][\/vc_column][vc_column width=\u00bb1\/2&#8243;][\/vc_column][\/vc_row][vc_row][vc_column][vc_column_text]<strong>POL\u00cdTICA DE PRIVACIDAD<\/strong><\/p>\n<p>&nbsp;<\/p>\n<p>LIGHT &amp; SYSTEMS TECHNICAL CENTER, S.L. informa a los usuarios del sitio web sobre su pol\u00edtica respecto del tratamiento y protecci\u00f3n de los datos de car\u00e1cter personal de los usuarios y clientes que puedan ser recabados por la navegaci\u00f3n a trav\u00e9s de su sitio web.<\/p>\n<p>&nbsp;<\/p>\n<p><strong>1.- Informaci\u00f3n al Usuario<\/strong><\/p>\n<p><strong>Responsable del Tratamiento:<\/strong><\/p>\n<p>LIGHT &amp; SYSTEMS TECHNICAL CENTER, S.L.<\/p>\n<p>CIF: B95436861<\/p>\n<p>Domicilio Social: PARQUE TECNOL\u00d3GICO DE VIZCAYA EDIFICIO 208 B 2\u00aa Planta &#8211; 48170 &#8211; ZAMUDIO (VIZCAYA). Datos registrales: Registro Mercantil de Vizcaya, con C.E.E.-I.V.A.\/E.C.C.-V.A.T. ES-B95436861.<\/p>\n<p>www.rinder.com y www.lightsystems.es<\/p>\n<p>&nbsp;<\/p>\n<p><strong>Datos de Contacto:<\/strong><\/p>\n<p>Tel\u00e9fonos: 944317930<\/p>\n<p>e-Mail: lightsystems@lightsystems.es<\/p>\n<p>&nbsp;<\/p>\n<p><strong>Finalidad del tratamiento de sus datos<\/strong>: En funci\u00f3n de las solicitudes e interacci\u00f3n que realice, los datos personales recabados ser\u00e1n tratados por El Responsable conforme a las siguientes finalidades:<\/p>\n<p>&#8211; Remisi\u00f3n de comunicaciones comerciales publicitarias por email, redes sociales o cualquier otro medio electr\u00f3nico o f\u00edsico, presente o futuro, que posibilite realizar comunicaciones comerciales. Estas comunicaciones ser\u00e1n realizadas por El Responsable y relacionadas con sus productos y servicios, o con los de sus colaboradores o proveedores con los que \u00e9ste haya alcanzado alg\u00fan acuerdo de promoci\u00f3n. En este caso, los terceros nunca tendr\u00e1n acceso a los datos personales.<\/p>\n<p>&#8211; Tramitar encargos, solicitudes o cualquier tipo de petici\u00f3n que sea realizada por el usuario a trav\u00e9s de cualquiera de las formas de contacto que se ponen a su disposici\u00f3n.<\/p>\n<p>&#8211; Remitir el bolet\u00edn de noticias de la p\u00e1gina web.<\/p>\n<p>&nbsp;<\/p>\n<p><strong>Criterios de conservaci\u00f3n de los datos<\/strong>: Los datos personales proporcionados se conservar\u00e1n hasta que no se solicite su suspensi\u00f3n por parte del interesado, ejerciendo sus derechos sobre los datos, y en cualquier caso en cumplimiento de plazos legales de prescripci\u00f3n que le resulten de aplicaci\u00f3n.<\/p>\n<p>&nbsp;<\/p>\n<p><strong>Legitimaci\u00f3n<\/strong>: La base legal para el tratamiento de los datos personales est\u00e1 basada en el consentimiento expreso del propio interesado o en su caso en la ejecuci\u00f3n de un contrato y\/o servicio. En cualquier momento se podr\u00e1 ejercer el derecho a retirar el consentimiento sin que ello afecte a la licitud del tratamiento basado en el consentimiento previo a su retirada.<\/p>\n<p>&nbsp;<\/p>\n<p><strong>Destinatarios<\/strong>: Los datos ser\u00e1n utilizados por El Responsable Tambi\u00e9n podr\u00e1 comunicar leg\u00edtimamente los datos personales con los encargados de tratamiento para la ejecuci\u00f3n de un contrato o prestaci\u00f3n de un servicio a El Responsable, siguiendo por ello sus instrucciones en todo momento y asegurando los mismos niveles de seguridad.<\/p>\n<p>&nbsp;<\/p>\n<p><strong>Derechos<\/strong>: El usuario tiene derecho a:<\/p>\n<p>Solicitar el acceso a sus datos personales que se est\u00e1n tratando y recibir dicha informaci\u00f3n por escrito por el medio solicitado.<\/p>\n<p>Solicitar la rectificaci\u00f3n de los datos personales inexactos o, en su caso, solicitar su supresi\u00f3n cuando, entre otros motivos, los datos ya no sean necesarios para la finalidad por los que fueron recogidos.<\/p>\n<p>Solicitar la limitaci\u00f3n del tratamiento de sus datos.<\/p>\n<p>Oponerse al tratamiento de sus datos personales cuando proceda, en cuyo caso se dejar\u00e1n de tratar sus datos salvo por motivos leg\u00edtimos.<\/p>\n<p>Derecho a la portabilidad de sus datos personales cuando el tratamiento est\u00e9 basado en un consentimiento y se efect\u00fae por medios automatizados. los datos se entregaran de forma estructurada, uso com\u00fan y lectura mec\u00e1nica.<\/p>\n<p>Derecho a retirar el consentimiento prestado.<\/p>\n<p>Derecho a reclamar ante la agencia espa\u00f1ola de protecci\u00f3n de datos.<\/p>\n<p>&nbsp;<\/p>\n<p>El usuario puede ejercitar los derechos anteriormente indicados a trav\u00e9s de la siguiente direcci\u00f3n de correo postal o electr\u00f3nica, debiendo identificarse debidamente y solicita claramente el derecho a ejercer:<\/p>\n<p>LIGHT &amp; SYSTEMS TECHNICAL CENTER, S.L.<\/p>\n<p>Direcci\u00f3n postal: PARQUE TECNOL\u00d3GICO DE VIZCAYA EDIFICIO 208 B 2\u00aa Planta &#8211; 48170 &#8211; ZAMUDIO (VIZCAYA).<\/p>\n<p>Direcci\u00f3n electr\u00f3nica: lightsystems@lightsystems.es<\/p>\n<p>&nbsp;<\/p>\n<p><strong>Procedencia de los datos<\/strong>: Los datos personales ser\u00e1n facilitados por el propio interesado de forma absolutamente voluntaria. La carencia de facilitar determinados datos o preguntas que pudieran formularse en los procesos de registro o en los distintos formularios electr\u00f3nicos que se le presenten al Usuario, puede provocar la imposibilidad de acceso a determinados servicios para cuya prestaci\u00f3n es imprescindible disponer de los datos de car\u00e1cter personal, en tal caso El Responsable informar\u00e1 del car\u00e1cter obligatorio y\/o necesario de facilitar los datos personales para el funcionamiento del servicio.<\/p>\n<p>&nbsp;<\/p>\n<p>El Responsable le asegura la confidencialidad de sus datos personales y le garantiza la seguridad de los mismos, adoptando las medidas necesarias para evitar su alteraci\u00f3n, p\u00e9rdida, tratamiento o acceso no autorizado.<\/p>\n<p>&nbsp;<\/p>\n<p><strong>2.- Informaci\u00f3n facilitada por el usuario<\/strong><\/p>\n<p>Si eres menor de 18 a\u00f1os no est\u00e1 permitido el uso de formularios en nuestra web.<\/p>\n<p>&nbsp;<\/p>\n<p>Los Usuarios, introduciendo sus datos en los formularios de contacto o presentados en formularios de descarga, aceptan expresamente y de forma libre e inequ\u00edvoca, que sus datos son necesarios para atender su petici\u00f3n, por parte del Responsable, siendo voluntaria la inclusi\u00f3n de datos en los campos restantes.<\/p>\n<p>&nbsp;<\/p>\n<p>El Usuario garantiza que los datos personales facilitados son veraces y se hace responsable de comunicar cualquier modificaci\u00f3n de los mismos.<\/p>\n<p>&nbsp;<\/p>\n<p>Todos los datos solicitados a trav\u00e9s del sitio web son necesarios para la prestaci\u00f3n de un servicio \u00f3ptimo al Usuario. En caso de que no sean facilitados todos los datos, no se garantiza que la informaci\u00f3n y servicios que El Responsable le facilite, sean completamente ajustados a sus necesidades.<\/p>\n<p>&nbsp;<\/p>\n<p><strong>3. Medidas de seguridad<\/strong><\/p>\n<p>Que de conformidad con lo dispuesto en las normativas vigentes en materia de protecci\u00f3n de datos personales, El Responsable est\u00e1 cumpliendo con todas las disposiciones de las normativas RGPD y LOPDGDD para el tratamiento de los datos personales de su responsabilidad, los cuales son tratados de manera l\u00edcita, leal y transparente en relaci\u00f3n con el interesado y adecuados, pertinentes y limitados a lo necesario en relaci\u00f3n con los fines para los que son tratados.<\/p>\n<p>&nbsp;<\/p>\n<p>El Responsable garantiza que ha implementado pol\u00edticas t\u00e9cnicas y organizativas apropiadas para aplicar las medidas de seguridad que establecen el RGPD y la LOPDGDD con el fin de proteger los derechos y libertades de los Usuarios y les ha comunicado la informaci\u00f3n adecuada para que puedan ejercerlos.<\/p>\n<p>&nbsp;<\/p>\n<p><strong>4. Brechas de Seguridad<\/strong><\/p>\n<p>El Responsable\u202finformar\u00e1 sobre cualquier brecha de seguridad que afecte a la base de datos que utiliza este sitio web, o que afecte a cualquiera de nuestros servicios de terceros, a todas y cada una de las personas, datos de los cuales puedan haber sido afectadas, y autoridades, dentro de las 72 horas siguientes a la detecci\u00f3n de la brecha.<\/p>\n<p>&nbsp;<\/p>\n<p><strong>LEGISLACI\u00d3N APLICABLE Y JURISDICCI\u00d3N<\/strong><\/p>\n<p>Para la resoluci\u00f3n de todas las controversias o cuestiones relacionadas con el presente sitio web o de las actividades en \u00e9l desarrolladas, ser\u00e1 de aplicaci\u00f3n la legislaci\u00f3n espa\u00f1ola, a la que se someten expresamente las partes, siendo competentes para la resoluci\u00f3n de todos los conflictos derivados o relacionados con su uso los Juzgados y Tribunales de Vizcaya.[\/vc_column_text][\/vc_column][\/vc_row]<\/p>\n","protected":false},"excerpt":{"rendered":"<p>[vc_row][vc_column width=\u00bb1\/2&#8243;][vc_custom_heading text=\u00bbLegal\u00bb font_container=\u00bbtag:h2|font_size:20|text_align:left|color:%23ffffff\u00bb google_fonts=\u00bbfont_family:Oswald%3A300%2Cregular%2C700|font_style:300%20light%20regular%3A300%3Anormal\u00bb el_class=\u00bbwmitad\u00bb css=\u00bb.vc_custom_1602157335745{background-color: #dd3333 !important;background-position: center !important;background-repeat: no-repeat !important;background-size: cover !important;border-radius: 3px !important;}\u00bb][vc_custom_heading text=\u00bbPolitica de privacidad\u00bb font_container=\u00bbtag:h2|font_size:55|text_align:left|color:%23000000|line_height:1&#8243; google_fonts=\u00bbfont_family:Oswald%3A300%2Cregular%2C700|font_style:400%20regular%3A400%3Anormal\u00bb][vc_separator color=\u00bbcustom\u00bb align=\u00bbalign_left\u00bb border_width=\u00bb3&#8243; el_width=\u00bb10&#8243; accent_color=\u00bb#dd3333&#8243;][vc_empty_space height=\u00bb60px\u00bb][\/vc_column][vc_column width=\u00bb1\/2&#8243;][\/vc_column][\/vc_row][vc_row][vc_column][vc_column_text]POL\u00cdTICA DE PRIVACIDAD &nbsp; LIGHT &amp; SYSTEMS TECHNICAL CENTER, S.L. informa a los usuarios del sitio web sobre su pol\u00edtica respecto del tratamiento y protecci\u00f3n de los&hellip;<\/p>\n","protected":false},"author":1,"featured_media":0,"parent":0,"menu_order":0,"comment_status":"closed","ping_status":"closed","template":"","meta":[],"class_list":["post-15173","page","type-page","status-publish","hentry","description-off"],"yoast_head":"<!-- This site is optimized with the Yoast SEO plugin v27.4 - https:\/\/yoast.com\/product\/yoast-seo-wordpress\/ -->\n<title>Politica de privacidad - Rinder<\/title>\n<meta name=\"robots\" content=\"index, follow, max-snippet:-1, max-image-preview:large, max-video-preview:-1\" \/>\n<link rel=\"canonical\" href=\"https:\/\/rinder.com\/es\/politica-de-privacidad\/\" \/>\n<meta property=\"og:locale\" content=\"es_ES\" \/>\n<meta property=\"og:type\" content=\"article\" \/>\n<meta property=\"og:title\" content=\"Politica de privacidad - Rinder\" \/>\n<meta property=\"og:description\" content=\"[vc_row][vc_column width=\u00bb1\/2&#8243;][vc_custom_heading text=\u00bbLegal\u00bb font_container=\u00bbtag:h2|font_size:20|text_align:left|color:%23ffffff\u00bb google_fonts=\u00bbfont_family:Oswald%3A300%2Cregular%2C700|font_style:300%20light%20regular%3A300%3Anormal\u00bb el_class=\u00bbwmitad\u00bb css=\u00bb.vc_custom_1602157335745{background-color: #dd3333 !important;background-position: center !important;background-repeat: no-repeat !important;background-size: cover !important;border-radius: 3px !important;}\u00bb][vc_custom_heading text=\u00bbPolitica de privacidad\u00bb font_container=\u00bbtag:h2|font_size:55|text_align:left|color:%23000000|line_height:1&#8243; google_fonts=\u00bbfont_family:Oswald%3A300%2Cregular%2C700|font_style:400%20regular%3A400%3Anormal\u00bb][vc_separator color=\u00bbcustom\u00bb align=\u00bbalign_left\u00bb border_width=\u00bb3&#8243; el_width=\u00bb10&#8243; accent_color=\u00bb#dd3333&#8243;][vc_empty_space height=\u00bb60px\u00bb][\/vc_column][vc_column width=\u00bb1\/2&#8243;][\/vc_column][\/vc_row][vc_row][vc_column][vc_column_text]POL\u00cdTICA DE PRIVACIDAD &nbsp; LIGHT &amp; SYSTEMS TECHNICAL CENTER, S.L. informa a los usuarios del sitio web sobre su pol\u00edtica respecto del tratamiento y protecci\u00f3n de los&hellip;\" \/>\n<meta property=\"og:url\" content=\"https:\/\/rinder.com\/es\/politica-de-privacidad\/\" \/>\n<meta property=\"og:site_name\" content=\"Rinder\" \/>\n<meta property=\"article:modified_time\" content=\"2020-10-08T11:42:12+00:00\" \/>\n<meta name=\"twitter:card\" content=\"summary_large_image\" \/>\n<meta name=\"twitter:label1\" content=\"Tiempo de lectura\" \/>\n\t<meta name=\"twitter:data1\" content=\"7 minutos\" \/>\n<script type=\"application\/ld+json\" class=\"yoast-schema-graph\">{\"@context\":\"https:\\\/\\\/schema.org\",\"@graph\":[{\"@type\":\"WebPage\",\"@id\":\"https:\\\/\\\/rinder.com\\\/es\\\/politica-de-privacidad\\\/\",\"url\":\"https:\\\/\\\/rinder.com\\\/es\\\/politica-de-privacidad\\\/\",\"name\":\"Politica de privacidad - Rinder\",\"isPartOf\":{\"@id\":\"https:\\\/\\\/rinder.com\\\/es\\\/#website\"},\"datePublished\":\"2020-02-03T14:41:21+00:00\",\"dateModified\":\"2020-10-08T11:42:12+00:00\",\"breadcrumb\":{\"@id\":\"https:\\\/\\\/rinder.com\\\/es\\\/politica-de-privacidad\\\/#breadcrumb\"},\"inLanguage\":\"es\",\"potentialAction\":[{\"@type\":\"ReadAction\",\"target\":[\"https:\\\/\\\/rinder.com\\\/es\\\/politica-de-privacidad\\\/\"]}]},{\"@type\":\"BreadcrumbList\",\"@id\":\"https:\\\/\\\/rinder.com\\\/es\\\/politica-de-privacidad\\\/#breadcrumb\",\"itemListElement\":[{\"@type\":\"ListItem\",\"position\":1,\"name\":\"Home\",\"item\":\"https:\\\/\\\/rinder.com\\\/es\\\/\"},{\"@type\":\"ListItem\",\"position\":2,\"name\":\"Politica de privacidad\"}]},{\"@type\":\"WebSite\",\"@id\":\"https:\\\/\\\/rinder.com\\\/es\\\/#website\",\"url\":\"https:\\\/\\\/rinder.com\\\/es\\\/\",\"name\":\"Rinder\",\"description\":\"Dise\u00f1o y fabricaci\u00f3n de componentes de iluminaci\u00f3n para automoci\u00f3n\",\"potentialAction\":[{\"@type\":\"SearchAction\",\"target\":{\"@type\":\"EntryPoint\",\"urlTemplate\":\"https:\\\/\\\/rinder.com\\\/es\\\/?s={search_term_string}\"},\"query-input\":{\"@type\":\"PropertyValueSpecification\",\"valueRequired\":true,\"valueName\":\"search_term_string\"}}],\"inLanguage\":\"es\"}]}<\/script>\n<!-- \/ Yoast SEO plugin. -->","yoast_head_json":{"title":"Politica de privacidad - Rinder","robots":{"index":"index","follow":"follow","max-snippet":"max-snippet:-1","max-image-preview":"max-image-preview:large","max-video-preview":"max-video-preview:-1"},"canonical":"https:\/\/rinder.com\/es\/politica-de-privacidad\/","og_locale":"es_ES","og_type":"article","og_title":"Politica de privacidad - Rinder","og_description":"[vc_row][vc_column width=\u00bb1\/2&#8243;][vc_custom_heading text=\u00bbLegal\u00bb font_container=\u00bbtag:h2|font_size:20|text_align:left|color:%23ffffff\u00bb google_fonts=\u00bbfont_family:Oswald%3A300%2Cregular%2C700|font_style:300%20light%20regular%3A300%3Anormal\u00bb el_class=\u00bbwmitad\u00bb css=\u00bb.vc_custom_1602157335745{background-color: #dd3333 !important;background-position: center !important;background-repeat: no-repeat !important;background-size: cover !important;border-radius: 3px !important;}\u00bb][vc_custom_heading text=\u00bbPolitica de privacidad\u00bb font_container=\u00bbtag:h2|font_size:55|text_align:left|color:%23000000|line_height:1&#8243; google_fonts=\u00bbfont_family:Oswald%3A300%2Cregular%2C700|font_style:400%20regular%3A400%3Anormal\u00bb][vc_separator color=\u00bbcustom\u00bb align=\u00bbalign_left\u00bb border_width=\u00bb3&#8243; el_width=\u00bb10&#8243; accent_color=\u00bb#dd3333&#8243;][vc_empty_space height=\u00bb60px\u00bb][\/vc_column][vc_column width=\u00bb1\/2&#8243;][\/vc_column][\/vc_row][vc_row][vc_column][vc_column_text]POL\u00cdTICA DE PRIVACIDAD &nbsp; LIGHT &amp; SYSTEMS TECHNICAL CENTER, S.L. informa a los usuarios del sitio web sobre su pol\u00edtica respecto del tratamiento y protecci\u00f3n de los&hellip;","og_url":"https:\/\/rinder.com\/es\/politica-de-privacidad\/","og_site_name":"Rinder","article_modified_time":"2020-10-08T11:42:12+00:00","twitter_card":"summary_large_image","twitter_misc":{"Tiempo de lectura":"7 minutos"},"schema":{"@context":"https:\/\/schema.org","@graph":[{"@type":"WebPage","@id":"https:\/\/rinder.com\/es\/politica-de-privacidad\/","url":"https:\/\/rinder.com\/es\/politica-de-privacidad\/","name":"Politica de privacidad - Rinder","isPartOf":{"@id":"https:\/\/rinder.com\/es\/#website"},"datePublished":"2020-02-03T14:41:21+00:00","dateModified":"2020-10-08T11:42:12+00:00","breadcrumb":{"@id":"https:\/\/rinder.com\/es\/politica-de-privacidad\/#breadcrumb"},"inLanguage":"es","potentialAction":[{"@type":"ReadAction","target":["https:\/\/rinder.com\/es\/politica-de-privacidad\/"]}]},{"@type":"BreadcrumbList","@id":"https:\/\/rinder.com\/es\/politica-de-privacidad\/#breadcrumb","itemListElement":[{"@type":"ListItem","position":1,"name":"Home","item":"https:\/\/rinder.com\/es\/"},{"@type":"ListItem","position":2,"name":"Politica de privacidad"}]},{"@type":"WebSite","@id":"https:\/\/rinder.com\/es\/#website","url":"https:\/\/rinder.com\/es\/","name":"Rinder","description":"Dise\u00f1o y fabricaci\u00f3n de componentes de iluminaci\u00f3n para automoci\u00f3n","potentialAction":[{"@type":"SearchAction","target":{"@type":"EntryPoint","urlTemplate":"https:\/\/rinder.com\/es\/?s={search_term_string}"},"query-input":{"@type":"PropertyValueSpecification","valueRequired":true,"valueName":"search_term_string"}}],"inLanguage":"es"}]}},"_links":{"self":[{"href":"https:\/\/rinder.com\/es\/wp-json\/wp\/v2\/pages\/15173","targetHints":{"allow":["GET"]}}],"collection":[{"href":"https:\/\/rinder.com\/es\/wp-json\/wp\/v2\/pages"}],"about":[{"href":"https:\/\/rinder.com\/es\/wp-json\/wp\/v2\/types\/page"}],"author":[{"embeddable":true,"href":"https:\/\/rinder.com\/es\/wp-json\/wp\/v2\/users\/1"}],"replies":[{"embeddable":true,"href":"https:\/\/rinder.com\/es\/wp-json\/wp\/v2\/comments?post=15173"}],"version-history":[{"count":0,"href":"https:\/\/rinder.com\/es\/wp-json\/wp\/v2\/pages\/15173\/revisions"}],"wp:attachment":[{"href":"https:\/\/rinder.com\/es\/wp-json\/wp\/v2\/media?parent=15173"}],"curies":[{"name":"wp","href":"https:\/\/api.w.org\/{rel}","templated":true}]}}