{"id":15160,"date":"2020-02-03T09:27:22","date_gmt":"2020-02-03T09:27:22","guid":{"rendered":"https:\/\/desarrolloweb.cistec.es\/rinder\/?page_id=15160"},"modified":"2021-12-13T12:30:57","modified_gmt":"2021-12-13T12:30:57","slug":"inicio","status":"publish","type":"page","link":"https:\/\/rinder.com\/es\/","title":{"rendered":"Inicio"},"content":{"rendered":"","protected":false},"excerpt":{"rendered":"","protected":false},"author":1,"featured_media":0,"parent":0,"menu_order":0,"comment_status":"closed","ping_status":"closed","template":"template-microsite.php","meta":[],"class_list":["post-15160","page","type-page","status-publish","hentry","description-off"],"yoast_head":"<!-- This site is optimized with the Yoast SEO plugin v27.4 - https:\/\/yoast.com\/product\/yoast-seo-wordpress\/ -->\n<title>Rinder - Dise\u00f1o y Fabricaci\u00f3n de sistemas de iluminaci\u00f3n para automoci\u00f3n<\/title>\n<meta name=\"description\" content=\"En Rinder Light Systems nos dedicamos a dise\u00f1ar y fabricar sistemas de iluminaci\u00f3n para la automoci\u00f3n: Faros, Pilotos, Interminentes, etc.\" \/>\n<meta name=\"robots\" content=\"index, follow, max-snippet:-1, max-image-preview:large, max-video-preview:-1\" \/>\n<link rel=\"canonical\" href=\"https:\/\/rinder.com\/es\/\" \/>\n<meta property=\"og:locale\" content=\"es_ES\" \/>\n<meta property=\"og:type\" content=\"article\" \/>\n<meta property=\"og:title\" content=\"Rinder - Dise\u00f1o y Fabricaci\u00f3n de sistemas de iluminaci\u00f3n para automoci\u00f3n\" \/>\n<meta property=\"og:description\" content=\"En Rinder Light Systems nos dedicamos a dise\u00f1ar y fabricar sistemas de iluminaci\u00f3n para la automoci\u00f3n: Faros, Pilotos, Interminentes, etc.\" \/>\n<meta property=\"og:url\" content=\"https:\/\/rinder.com\/es\/\" \/>\n<meta property=\"og:site_name\" content=\"Rinder\" \/>\n<meta property=\"article:modified_time\" content=\"2021-12-13T12:30:57+00:00\" \/>\n<meta name=\"twitter:card\" content=\"summary_large_image\" \/>\n<script type=\"application\/ld+json\" class=\"yoast-schema-graph\">{\"@context\":\"https:\\\/\\\/schema.org\",\"@graph\":[{\"@type\":\"WebPage\",\"@id\":\"https:\\\/\\\/rinder.com\\\/es\\\/\",\"url\":\"https:\\\/\\\/rinder.com\\\/es\\\/\",\"name\":\"Rinder - Dise\u00f1o y Fabricaci\u00f3n de sistemas de iluminaci\u00f3n para automoci\u00f3n\",\"isPartOf\":{\"@id\":\"https:\\\/\\\/rinder.com\\\/es\\\/#website\"},\"datePublished\":\"2020-02-03T09:27:22+00:00\",\"dateModified\":\"2021-12-13T12:30:57+00:00\",\"description\":\"En Rinder Light Systems nos dedicamos a dise\u00f1ar y fabricar sistemas de iluminaci\u00f3n para la automoci\u00f3n: Faros, Pilotos, Interminentes, etc.\",\"breadcrumb\":{\"@id\":\"https:\\\/\\\/rinder.com\\\/es\\\/#breadcrumb\"},\"inLanguage\":\"es\",\"potentialAction\":[{\"@type\":\"ReadAction\",\"target\":[\"https:\\\/\\\/rinder.com\\\/es\\\/\"]}]},{\"@type\":\"BreadcrumbList\",\"@id\":\"https:\\\/\\\/rinder.com\\\/es\\\/#breadcrumb\",\"itemListElement\":[{\"@type\":\"ListItem\",\"position\":1,\"name\":\"Home\",\"item\":\"https:\\\/\\\/rinder.com\\\/es\\\/\"},{\"@type\":\"ListItem\",\"position\":2,\"name\":\"Inicio\"}]},{\"@type\":\"WebSite\",\"@id\":\"https:\\\/\\\/rinder.com\\\/es\\\/#website\",\"url\":\"https:\\\/\\\/rinder.com\\\/es\\\/\",\"name\":\"Rinder\",\"description\":\"Dise\u00f1o y fabricaci\u00f3n de componentes de iluminaci\u00f3n para automoci\u00f3n\",\"potentialAction\":[{\"@type\":\"SearchAction\",\"target\":{\"@type\":\"EntryPoint\",\"urlTemplate\":\"https:\\\/\\\/rinder.com\\\/es\\\/?s={search_term_string}\"},\"query-input\":{\"@type\":\"PropertyValueSpecification\",\"valueRequired\":true,\"valueName\":\"search_term_string\"}}],\"inLanguage\":\"es\"}]}<\/script>\n<!-- \/ Yoast SEO plugin. -->","yoast_head_json":{"title":"Rinder - Dise\u00f1o y Fabricaci\u00f3n de sistemas de iluminaci\u00f3n para automoci\u00f3n","description":"En Rinder Light Systems nos dedicamos a dise\u00f1ar y fabricar sistemas de iluminaci\u00f3n para la automoci\u00f3n: Faros, Pilotos, Interminentes, etc.","robots":{"index":"index","follow":"follow","max-snippet":"max-snippet:-1","max-image-preview":"max-image-preview:large","max-video-preview":"max-video-preview:-1"},"canonical":"https:\/\/rinder.com\/es\/","og_locale":"es_ES","og_type":"article","og_title":"Rinder - Dise\u00f1o y Fabricaci\u00f3n de sistemas de iluminaci\u00f3n para automoci\u00f3n","og_description":"En Rinder Light Systems nos dedicamos a dise\u00f1ar y fabricar sistemas de iluminaci\u00f3n para la automoci\u00f3n: Faros, Pilotos, Interminentes, etc.","og_url":"https:\/\/rinder.com\/es\/","og_site_name":"Rinder","article_modified_time":"2021-12-13T12:30:57+00:00","twitter_card":"summary_large_image","schema":{"@context":"https:\/\/schema.org","@graph":[{"@type":"WebPage","@id":"https:\/\/rinder.com\/es\/","url":"https:\/\/rinder.com\/es\/","name":"Rinder - Dise\u00f1o y Fabricaci\u00f3n de sistemas de iluminaci\u00f3n para automoci\u00f3n","isPartOf":{"@id":"https:\/\/rinder.com\/es\/#website"},"datePublished":"2020-02-03T09:27:22+00:00","dateModified":"2021-12-13T12:30:57+00:00","description":"En Rinder Light Systems nos dedicamos a dise\u00f1ar y fabricar sistemas de iluminaci\u00f3n para la automoci\u00f3n: Faros, Pilotos, Interminentes, etc.","breadcrumb":{"@id":"https:\/\/rinder.com\/es\/#breadcrumb"},"inLanguage":"es","potentialAction":[{"@type":"ReadAction","target":["https:\/\/rinder.com\/es\/"]}]},{"@type":"BreadcrumbList","@id":"https:\/\/rinder.com\/es\/#breadcrumb","itemListElement":[{"@type":"ListItem","position":1,"name":"Home","item":"https:\/\/rinder.com\/es\/"},{"@type":"ListItem","position":2,"name":"Inicio"}]},{"@type":"WebSite","@id":"https:\/\/rinder.com\/es\/#website","url":"https:\/\/rinder.com\/es\/","name":"Rinder","description":"Dise\u00f1o y fabricaci\u00f3n de componentes de iluminaci\u00f3n para automoci\u00f3n","potentialAction":[{"@type":"SearchAction","target":{"@type":"EntryPoint","urlTemplate":"https:\/\/rinder.com\/es\/?s={search_term_string}"},"query-input":{"@type":"PropertyValueSpecification","valueRequired":true,"valueName":"search_term_string"}}],"inLanguage":"es"}]}},"_links":{"self":[{"href":"https:\/\/rinder.com\/es\/wp-json\/wp\/v2\/pages\/15160","targetHints":{"allow":["GET"]}}],"collection":[{"href":"https:\/\/rinder.com\/es\/wp-json\/wp\/v2\/pages"}],"about":[{"href":"https:\/\/rinder.com\/es\/wp-json\/wp\/v2\/types\/page"}],"author":[{"embeddable":true,"href":"https:\/\/rinder.com\/es\/wp-json\/wp\/v2\/users\/1"}],"replies":[{"embeddable":true,"href":"https:\/\/rinder.com\/es\/wp-json\/wp\/v2\/comments?post=15160"}],"version-history":[{"count":1,"href":"https:\/\/rinder.com\/es\/wp-json\/wp\/v2\/pages\/15160\/revisions"}],"predecessor-version":[{"id":19091,"href":"https:\/\/rinder.com\/es\/wp-json\/wp\/v2\/pages\/15160\/revisions\/19091"}],"wp:attachment":[{"href":"https:\/\/rinder.com\/es\/wp-json\/wp\/v2\/media?parent=15160"}],"curies":[{"name":"wp","href":"https:\/\/api.w.org\/{rel}","templated":true}]}}